{"id":103,"date":"2017-11-11T15:27:11","date_gmt":"2017-11-11T15:27:11","guid":{"rendered":"http:\/\/www.ghconcepcion.cl\/?page_id=103"},"modified":"2024-09-23T15:36:20","modified_gmt":"2024-09-23T15:36:20","slug":"cafe-103","status":"publish","type":"page","link":"https:\/\/www.ghconcepcion.cl\/index.php\/cafe-103\/","title":{"rendered":"CAF\u00c9"},"content":{"rendered":"\t\t<div data-elementor-type=\"wp-page\" data-elementor-id=\"103\" class=\"elementor elementor-103\" data-elementor-post-type=\"page\">\n\t\t\t\t<div class=\"elementor-element elementor-element-a74eba2 e-flex e-con-boxed e-con e-parent\" data-id=\"a74eba2\" data-element_type=\"container\" data-e-type=\"container\">\n\t\t\t\t\t<div class=\"e-con-inner\">\n\t\t<div class=\"elementor-element elementor-element-b4db39c e-con-full e-flex e-con e-child\" data-id=\"b4db39c\" data-element_type=\"container\" data-e-type=\"container\">\n\t\t\t\t<div class=\"elementor-element elementor-element-cb48a9f elementor-widget elementor-widget-image\" data-id=\"cb48a9f\" data-element_type=\"widget\" data-e-type=\"widget\" data-widget_type=\"image.default\">\n\t\t\t\t<div class=\"elementor-widget-container\">\n\t\t\t\t\t\t\t\t\t\t\t\t\t\t\t<img fetchpriority=\"high\" decoding=\"async\" width=\"615\" height=\"562\" src=\"https:\/\/www.ghconcepcion.cl\/wp-content\/uploads\/2023\/02\/LOGO-CAFE-01.png\" class=\"attachment-large size-large wp-image-3124\" alt=\"\" srcset=\"https:\/\/www.ghconcepcion.cl\/wp-content\/uploads\/2023\/02\/LOGO-CAFE-01.png 615w, https:\/\/www.ghconcepcion.cl\/wp-content\/uploads\/2023\/02\/LOGO-CAFE-01-400x366.png 400w, https:\/\/www.ghconcepcion.cl\/wp-content\/uploads\/2023\/02\/LOGO-CAFE-01-160x146.png 160w, https:\/\/www.ghconcepcion.cl\/wp-content\/uploads\/2023\/02\/LOGO-CAFE-01-50x46.png 50w, https:\/\/www.ghconcepcion.cl\/wp-content\/uploads\/2023\/02\/LOGO-CAFE-01-82x75.png 82w\" sizes=\"(max-width: 615px) 100vw, 615px\" \/>\t\t\t\t\t\t\t\t\t\t\t\t\t\t\t<\/div>\n\t\t\t\t<\/div>\n\t\t\t\t<\/div>\n\t\t<div class=\"elementor-element elementor-element-cab6f9b e-con-full e-flex e-con e-child\" data-id=\"cab6f9b\" data-element_type=\"container\" data-e-type=\"container\">\n\t\t\t\t<div class=\"elementor-element elementor-element-082bf47 elementor-widget elementor-widget-heading\" data-id=\"082bf47\" data-element_type=\"widget\" data-e-type=\"widget\" data-widget_type=\"heading.default\">\n\t\t\t\t<div class=\"elementor-widget-container\">\n\t\t\t\t\t<h2 class=\"elementor-heading-title elementor-size-default\">Caf\u00e9 de la Historia<\/h2>\t\t\t\t<\/div>\n\t\t\t\t<\/div>\n\t\t\t\t<div class=\"elementor-element elementor-element-f350229 elementor-widget elementor-widget-text-editor\" data-id=\"f350229\" data-element_type=\"widget\" data-e-type=\"widget\" data-widget_type=\"text-editor.default\">\n\t\t\t\t<div class=\"elementor-widget-container\">\n\t\t\t\t\t\t\t\t\t<p>Te invitamos a que nos visites y conozcas la nueva carta del Caf\u00e9 de la Historia.<br \/><b>Te esperamos de lunes a domingo de 10:00 a 21:00 hrs.<br \/><br \/><a href=\"https:\/\/www.ghconcepcion.cl\/%C2%BBelcorreoquedesee[email\">cafe.historia.proy@gmail.com<\/a><br \/><\/b><\/p>\t\t\t\t\t\t\t\t<\/div>\n\t\t\t\t<\/div>\n\t\t\t\t<div class=\"elementor-element elementor-element-4880ff0 elementor-widget elementor-widget-image\" data-id=\"4880ff0\" data-element_type=\"widget\" data-e-type=\"widget\" data-widget_type=\"image.default\">\n\t\t\t\t<div class=\"elementor-widget-container\">\n\t\t\t\t\t\t\t\t\t\t\t\t\t\t\t<img decoding=\"async\" width=\"800\" height=\"548\" src=\"https:\/\/www.ghconcepcion.cl\/wp-content\/uploads\/2024\/08\/1-cafe_-20-1024x701.png\" class=\"attachment-large size-large wp-image-3551\" alt=\"\" srcset=\"https:\/\/www.ghconcepcion.cl\/wp-content\/uploads\/2024\/08\/1-cafe_-20-1024x701.png 1024w, https:\/\/www.ghconcepcion.cl\/wp-content\/uploads\/2024\/08\/1-cafe_-20-400x274.png 400w, https:\/\/www.ghconcepcion.cl\/wp-content\/uploads\/2024\/08\/1-cafe_-20-768x525.png 768w, https:\/\/www.ghconcepcion.cl\/wp-content\/uploads\/2024\/08\/1-cafe_-20-1536x1051.png 1536w, https:\/\/www.ghconcepcion.cl\/wp-content\/uploads\/2024\/08\/1-cafe_-20-2048x1401.png 2048w, https:\/\/www.ghconcepcion.cl\/wp-content\/uploads\/2024\/08\/1-cafe_-20-110x75.png 110w, https:\/\/www.ghconcepcion.cl\/wp-content\/uploads\/2024\/08\/1-cafe_-20-480x328.png 480w\" sizes=\"(max-width: 800px) 100vw, 800px\" \/>\t\t\t\t\t\t\t\t\t\t\t\t\t\t\t<\/div>\n\t\t\t\t<\/div>\n\t\t\t\t<\/div>\n\t\t\t\t\t<\/div>\n\t\t\t\t<\/div>\n\t\t<div class=\"elementor-element elementor-element-78fdb2a e-flex e-con-boxed e-con e-parent\" data-id=\"78fdb2a\" data-element_type=\"container\" data-e-type=\"container\">\n\t\t\t\t\t<div class=\"e-con-inner\">\n\t\t\t\t<div class=\"elementor-element elementor-element-8ce9391 elementor-align-justify elementor-widget elementor-widget-button\" data-id=\"8ce9391\" data-element_type=\"widget\" data-e-type=\"widget\" data-widget_type=\"button.default\">\n\t\t\t\t<div class=\"elementor-widget-container\">\n\t\t\t\t\t\t\t\t\t<div class=\"elementor-button-wrapper\">\n\t\t\t\t\t<a class=\"elementor-button elementor-button-link elementor-size-sm\" href=\"https:\/\/menu.fu.do\/caf%C3%A9delahistoria\/qr-menu\" target=\"_blank\">\n\t\t\t\t\t\t<span class=\"elementor-button-content-wrapper\">\n\t\t\t\t\t\t\t\t\t<span class=\"elementor-button-text\">REVISA EL MEN\u00da<\/span>\n\t\t\t\t\t<\/span>\n\t\t\t\t\t<\/a>\n\t\t\t\t<\/div>\n\t\t\t\t\t\t\t\t<\/div>\n\t\t\t\t<\/div>\n\t\t\t\t\t<\/div>\n\t\t\t\t<\/div>\n\t\t<div class=\"elementor-element elementor-element-35effea e-flex e-con-boxed e-con e-parent\" data-id=\"35effea\" data-element_type=\"container\" data-e-type=\"container\">\n\t\t\t\t\t<div class=\"e-con-inner\">\n\t\t\t\t<div class=\"elementor-element elementor-element-f064d37 elementor-widget elementor-widget-gallery\" data-id=\"f064d37\" data-element_type=\"widget\" data-e-type=\"widget\" data-settings=\"{&quot;gallery_layout&quot;:&quot;masonry&quot;,&quot;gap&quot;:{&quot;unit&quot;:&quot;px&quot;,&quot;size&quot;:20,&quot;sizes&quot;:[]},&quot;lazyload&quot;:&quot;yes&quot;,&quot;columns&quot;:4,&quot;columns_tablet&quot;:2,&quot;columns_mobile&quot;:1,&quot;gap_tablet&quot;:{&quot;unit&quot;:&quot;px&quot;,&quot;size&quot;:10,&quot;sizes&quot;:[]},&quot;gap_mobile&quot;:{&quot;unit&quot;:&quot;px&quot;,&quot;size&quot;:10,&quot;sizes&quot;:[]},&quot;link_to&quot;:&quot;file&quot;,&quot;overlay_background&quot;:&quot;yes&quot;,&quot;content_hover_animation&quot;:&quot;fade-in&quot;}\" data-widget_type=\"gallery.default\">\n\t\t\t\t<div class=\"elementor-widget-container\">\n\t\t\t\t\t\t\t<div class=\"elementor-gallery__container\">\n\t\t\t\t\t\t\t<a class=\"e-gallery-item elementor-gallery-item elementor-animated-content\" href=\"https:\/\/www.ghconcepcion.cl\/wp-content\/uploads\/2024\/06\/6-3.png\" data-elementor-open-lightbox=\"yes\" data-elementor-lightbox-slideshow=\"f064d37\" data-elementor-lightbox-title=\"6 (3)\" data-e-action-hash=\"#elementor-action%3Aaction%3Dlightbox%26settings%3DeyJpZCI6MzM4NywidXJsIjoiaHR0cHM6XC9cL3d3dy5naGNvbmNlcGNpb24uY2xcL3dwLWNvbnRlbnRcL3VwbG9hZHNcLzIwMjRcLzA2XC82LTMucG5nIiwic2xpZGVzaG93IjoiZjA2NGQzNyJ9\">\n\t\t\t\t\t<div class=\"e-gallery-image elementor-gallery-item__image\" data-thumbnail=\"https:\/\/www.ghconcepcion.cl\/wp-content\/uploads\/2024\/06\/6-3-400x267.png\" data-width=\"400\" data-height=\"267\" aria-label=\"\" role=\"img\" ><\/div>\n\t\t\t\t\t\t\t\t\t\t\t<div class=\"elementor-gallery-item__overlay\"><\/div>\n\t\t\t\t\t\t\t\t\t\t\t\t\t\t<\/a>\n\t\t\t\t\t\t\t<a class=\"e-gallery-item elementor-gallery-item elementor-animated-content\" href=\"https:\/\/www.ghconcepcion.cl\/wp-content\/uploads\/2024\/06\/Q.png\" data-elementor-open-lightbox=\"yes\" data-elementor-lightbox-slideshow=\"f064d37\" data-elementor-lightbox-title=\"Q\" data-e-action-hash=\"#elementor-action%3Aaction%3Dlightbox%26settings%3DeyJpZCI6MzQwMSwidXJsIjoiaHR0cHM6XC9cL3d3dy5naGNvbmNlcGNpb24uY2xcL3dwLWNvbnRlbnRcL3VwbG9hZHNcLzIwMjRcLzA2XC9RLnBuZyIsInNsaWRlc2hvdyI6ImYwNjRkMzcifQ%3D%3D\">\n\t\t\t\t\t<div class=\"e-gallery-image elementor-gallery-item__image\" data-thumbnail=\"https:\/\/www.ghconcepcion.cl\/wp-content\/uploads\/2024\/06\/Q-400x267.png\" data-width=\"400\" data-height=\"267\" aria-label=\"\" role=\"img\" ><\/div>\n\t\t\t\t\t\t\t\t\t\t\t<div class=\"elementor-gallery-item__overlay\"><\/div>\n\t\t\t\t\t\t\t\t\t\t\t\t\t\t<\/a>\n\t\t\t\t\t\t\t<a class=\"e-gallery-item elementor-gallery-item elementor-animated-content\" href=\"https:\/\/www.ghconcepcion.cl\/wp-content\/uploads\/2024\/06\/C845.png\" data-elementor-open-lightbox=\"yes\" data-elementor-lightbox-slideshow=\"f064d37\" data-elementor-lightbox-title=\"C845\" data-e-action-hash=\"#elementor-action%3Aaction%3Dlightbox%26settings%3DeyJpZCI6MzM5NCwidXJsIjoiaHR0cHM6XC9cL3d3dy5naGNvbmNlcGNpb24uY2xcL3dwLWNvbnRlbnRcL3VwbG9hZHNcLzIwMjRcLzA2XC9DODQ1LnBuZyIsInNsaWRlc2hvdyI6ImYwNjRkMzcifQ%3D%3D\">\n\t\t\t\t\t<div class=\"e-gallery-image elementor-gallery-item__image\" data-thumbnail=\"https:\/\/www.ghconcepcion.cl\/wp-content\/uploads\/2024\/06\/C845-400x267.png\" data-width=\"400\" data-height=\"267\" aria-label=\"\" role=\"img\" ><\/div>\n\t\t\t\t\t\t\t\t\t\t\t<div class=\"elementor-gallery-item__overlay\"><\/div>\n\t\t\t\t\t\t\t\t\t\t\t\t\t\t<\/a>\n\t\t\t\t\t\t\t<a class=\"e-gallery-item elementor-gallery-item elementor-animated-content\" href=\"https:\/\/www.ghconcepcion.cl\/wp-content\/uploads\/2024\/06\/YT.png\" data-elementor-open-lightbox=\"yes\" data-elementor-lightbox-slideshow=\"f064d37\" data-elementor-lightbox-title=\"YT\" data-e-action-hash=\"#elementor-action%3Aaction%3Dlightbox%26settings%3DeyJpZCI6MzQwNSwidXJsIjoiaHR0cHM6XC9cL3d3dy5naGNvbmNlcGNpb24uY2xcL3dwLWNvbnRlbnRcL3VwbG9hZHNcLzIwMjRcLzA2XC9ZVC5wbmciLCJzbGlkZXNob3ciOiJmMDY0ZDM3In0%3D\">\n\t\t\t\t\t<div class=\"e-gallery-image elementor-gallery-item__image\" data-thumbnail=\"https:\/\/www.ghconcepcion.cl\/wp-content\/uploads\/2024\/06\/YT-400x267.png\" data-width=\"400\" data-height=\"267\" aria-label=\"\" role=\"img\" ><\/div>\n\t\t\t\t\t\t\t\t\t\t\t<div class=\"elementor-gallery-item__overlay\"><\/div>\n\t\t\t\t\t\t\t\t\t\t\t\t\t\t<\/a>\n\t\t\t\t\t\t\t<a class=\"e-gallery-item elementor-gallery-item elementor-animated-content\" href=\"https:\/\/www.ghconcepcion.cl\/wp-content\/uploads\/2024\/06\/C8567.png\" data-elementor-open-lightbox=\"yes\" data-elementor-lightbox-slideshow=\"f064d37\" data-elementor-lightbox-title=\"C8567\" data-e-action-hash=\"#elementor-action%3Aaction%3Dlightbox%26settings%3DeyJpZCI6MzM5NywidXJsIjoiaHR0cHM6XC9cL3d3dy5naGNvbmNlcGNpb24uY2xcL3dwLWNvbnRlbnRcL3VwbG9hZHNcLzIwMjRcLzA2XC9DODU2Ny5wbmciLCJzbGlkZXNob3ciOiJmMDY0ZDM3In0%3D\">\n\t\t\t\t\t<div class=\"e-gallery-image elementor-gallery-item__image\" data-thumbnail=\"https:\/\/www.ghconcepcion.cl\/wp-content\/uploads\/2024\/06\/C8567-400x267.png\" data-width=\"400\" data-height=\"267\" aria-label=\"\" role=\"img\" ><\/div>\n\t\t\t\t\t\t\t\t\t\t\t<div class=\"elementor-gallery-item__overlay\"><\/div>\n\t\t\t\t\t\t\t\t\t\t\t\t\t\t<\/a>\n\t\t\t\t\t\t\t<a class=\"e-gallery-item elementor-gallery-item elementor-animated-content\" href=\"https:\/\/www.ghconcepcion.cl\/wp-content\/uploads\/2024\/06\/C8BV.png\" data-elementor-open-lightbox=\"yes\" data-elementor-lightbox-slideshow=\"f064d37\" data-elementor-lightbox-title=\"C8BV\" data-e-action-hash=\"#elementor-action%3Aaction%3Dlightbox%26settings%3DeyJpZCI6MzM5MSwidXJsIjoiaHR0cHM6XC9cL3d3dy5naGNvbmNlcGNpb24uY2xcL3dwLWNvbnRlbnRcL3VwbG9hZHNcLzIwMjRcLzA2XC9DOEJWLnBuZyIsInNsaWRlc2hvdyI6ImYwNjRkMzcifQ%3D%3D\">\n\t\t\t\t\t<div class=\"e-gallery-image elementor-gallery-item__image\" data-thumbnail=\"https:\/\/www.ghconcepcion.cl\/wp-content\/uploads\/2024\/06\/C8BV-400x267.png\" data-width=\"400\" data-height=\"267\" aria-label=\"\" role=\"img\" ><\/div>\n\t\t\t\t\t\t\t\t\t\t\t<div class=\"elementor-gallery-item__overlay\"><\/div>\n\t\t\t\t\t\t\t\t\t\t\t\t\t\t<\/a>\n\t\t\t\t\t\t\t<a class=\"e-gallery-item elementor-gallery-item elementor-animated-content\" href=\"https:\/\/www.ghconcepcion.cl\/wp-content\/uploads\/2024\/06\/BKG6299-scaled.jpg\" data-elementor-open-lightbox=\"yes\" data-elementor-lightbox-slideshow=\"f064d37\" data-elementor-lightbox-title=\"_BKG6299\" data-e-action-hash=\"#elementor-action%3Aaction%3Dlightbox%26settings%3DeyJpZCI6MzM4NSwidXJsIjoiaHR0cHM6XC9cL3d3dy5naGNvbmNlcGNpb24uY2xcL3dwLWNvbnRlbnRcL3VwbG9hZHNcLzIwMjRcLzA2XC9CS0c2Mjk5LXNjYWxlZC5qcGciLCJzbGlkZXNob3ciOiJmMDY0ZDM3In0%3D\">\n\t\t\t\t\t<div class=\"e-gallery-image elementor-gallery-item__image\" data-thumbnail=\"https:\/\/www.ghconcepcion.cl\/wp-content\/uploads\/2024\/06\/BKG6299-400x267.jpg\" data-width=\"400\" data-height=\"267\" aria-label=\"\" role=\"img\" ><\/div>\n\t\t\t\t\t\t\t\t\t\t\t<div class=\"elementor-gallery-item__overlay\"><\/div>\n\t\t\t\t\t\t\t\t\t\t\t\t\t\t<\/a>\n\t\t\t\t\t\t\t<a class=\"e-gallery-item elementor-gallery-item elementor-animated-content\" href=\"https:\/\/www.ghconcepcion.cl\/wp-content\/uploads\/2024\/06\/FE.png\" data-elementor-open-lightbox=\"yes\" data-elementor-lightbox-slideshow=\"f064d37\" data-elementor-lightbox-title=\"FE\" data-e-action-hash=\"#elementor-action%3Aaction%3Dlightbox%26settings%3DeyJpZCI6MzM5OSwidXJsIjoiaHR0cHM6XC9cL3d3dy5naGNvbmNlcGNpb24uY2xcL3dwLWNvbnRlbnRcL3VwbG9hZHNcLzIwMjRcLzA2XC9GRS5wbmciLCJzbGlkZXNob3ciOiJmMDY0ZDM3In0%3D\">\n\t\t\t\t\t<div class=\"e-gallery-image elementor-gallery-item__image\" data-thumbnail=\"https:\/\/www.ghconcepcion.cl\/wp-content\/uploads\/2024\/06\/FE-400x267.png\" data-width=\"400\" data-height=\"267\" aria-label=\"\" role=\"img\" ><\/div>\n\t\t\t\t\t\t\t\t\t\t\t<div class=\"elementor-gallery-item__overlay\"><\/div>\n\t\t\t\t\t\t\t\t\t\t\t\t\t\t<\/a>\n\t\t\t\t\t\t\t<a class=\"e-gallery-item elementor-gallery-item elementor-animated-content\" href=\"https:\/\/www.ghconcepcion.cl\/wp-content\/uploads\/2024\/06\/C8123.png\" data-elementor-open-lightbox=\"yes\" data-elementor-lightbox-slideshow=\"f064d37\" data-elementor-lightbox-title=\"C8123\" data-e-action-hash=\"#elementor-action%3Aaction%3Dlightbox%26settings%3DeyJpZCI6MzM5NiwidXJsIjoiaHR0cHM6XC9cL3d3dy5naGNvbmNlcGNpb24uY2xcL3dwLWNvbnRlbnRcL3VwbG9hZHNcLzIwMjRcLzA2XC9DODEyMy5wbmciLCJzbGlkZXNob3ciOiJmMDY0ZDM3In0%3D\">\n\t\t\t\t\t<div class=\"e-gallery-image elementor-gallery-item__image\" data-thumbnail=\"https:\/\/www.ghconcepcion.cl\/wp-content\/uploads\/2024\/06\/C8123-400x267.png\" data-width=\"400\" data-height=\"267\" aria-label=\"\" role=\"img\" ><\/div>\n\t\t\t\t\t\t\t\t\t\t\t<div class=\"elementor-gallery-item__overlay\"><\/div>\n\t\t\t\t\t\t\t\t\t\t\t\t\t\t<\/a>\n\t\t\t\t\t\t\t<a class=\"e-gallery-item elementor-gallery-item elementor-animated-content\" href=\"https:\/\/www.ghconcepcion.cl\/wp-content\/uploads\/2024\/06\/C8AD.png\" data-elementor-open-lightbox=\"yes\" data-elementor-lightbox-slideshow=\"f064d37\" data-elementor-lightbox-title=\"C8AD\" data-e-action-hash=\"#elementor-action%3Aaction%3Dlightbox%26settings%3DeyJpZCI6MzM5MCwidXJsIjoiaHR0cHM6XC9cL3d3dy5naGNvbmNlcGNpb24uY2xcL3dwLWNvbnRlbnRcL3VwbG9hZHNcLzIwMjRcLzA2XC9DOEFELnBuZyIsInNsaWRlc2hvdyI6ImYwNjRkMzcifQ%3D%3D\">\n\t\t\t\t\t<div class=\"e-gallery-image elementor-gallery-item__image\" data-thumbnail=\"https:\/\/www.ghconcepcion.cl\/wp-content\/uploads\/2024\/06\/C8AD-400x267.png\" data-width=\"400\" data-height=\"267\" aria-label=\"\" role=\"img\" ><\/div>\n\t\t\t\t\t\t\t\t\t\t\t<div class=\"elementor-gallery-item__overlay\"><\/div>\n\t\t\t\t\t\t\t\t\t\t\t\t\t\t<\/a>\n\t\t\t\t\t\t\t<a class=\"e-gallery-item elementor-gallery-item elementor-animated-content\" href=\"https:\/\/www.ghconcepcion.cl\/wp-content\/uploads\/2024\/06\/CA.png\" data-elementor-open-lightbox=\"yes\" data-elementor-lightbox-slideshow=\"f064d37\" data-elementor-lightbox-title=\"CA\" data-e-action-hash=\"#elementor-action%3Aaction%3Dlightbox%26settings%3DeyJpZCI6MzM5OCwidXJsIjoiaHR0cHM6XC9cL3d3dy5naGNvbmNlcGNpb24uY2xcL3dwLWNvbnRlbnRcL3VwbG9hZHNcLzIwMjRcLzA2XC9DQS5wbmciLCJzbGlkZXNob3ciOiJmMDY0ZDM3In0%3D\">\n\t\t\t\t\t<div class=\"e-gallery-image elementor-gallery-item__image\" data-thumbnail=\"https:\/\/www.ghconcepcion.cl\/wp-content\/uploads\/2024\/06\/CA-400x267.png\" data-width=\"400\" data-height=\"267\" aria-label=\"\" role=\"img\" ><\/div>\n\t\t\t\t\t\t\t\t\t\t\t<div class=\"elementor-gallery-item__overlay\"><\/div>\n\t\t\t\t\t\t\t\t\t\t\t\t\t\t<\/a>\n\t\t\t\t\t\t\t<a class=\"e-gallery-item elementor-gallery-item elementor-animated-content\" href=\"https:\/\/www.ghconcepcion.cl\/wp-content\/uploads\/2024\/06\/C887.png\" data-elementor-open-lightbox=\"yes\" data-elementor-lightbox-slideshow=\"f064d37\" data-elementor-lightbox-title=\"C887\" data-e-action-hash=\"#elementor-action%3Aaction%3Dlightbox%26settings%3DeyJpZCI6MzM5NSwidXJsIjoiaHR0cHM6XC9cL3d3dy5naGNvbmNlcGNpb24uY2xcL3dwLWNvbnRlbnRcL3VwbG9hZHNcLzIwMjRcLzA2XC9DODg3LnBuZyIsInNsaWRlc2hvdyI6ImYwNjRkMzcifQ%3D%3D\">\n\t\t\t\t\t<div class=\"e-gallery-image elementor-gallery-item__image\" data-thumbnail=\"https:\/\/www.ghconcepcion.cl\/wp-content\/uploads\/2024\/06\/C887-400x267.png\" data-width=\"400\" data-height=\"267\" aria-label=\"\" role=\"img\" ><\/div>\n\t\t\t\t\t\t\t\t\t\t\t<div class=\"elementor-gallery-item__overlay\"><\/div>\n\t\t\t\t\t\t\t\t\t\t\t\t\t\t<\/a>\n\t\t\t\t\t<\/div>\n\t\t\t\t\t<\/div>\n\t\t\t\t<\/div>\n\t\t\t\t\t<\/div>\n\t\t\t\t<\/div>\n\t\t<div class=\"elementor-element elementor-element-facdfbd e-flex e-con-boxed e-con e-parent\" data-id=\"facdfbd\" data-element_type=\"container\" data-e-type=\"container\">\n\t\t\t\t\t<div class=\"e-con-inner\">\n\t\t\t\t<div class=\"elementor-element elementor-element-5240135 elementor-align-justify elementor-widget elementor-widget-button\" data-id=\"5240135\" data-element_type=\"widget\" data-e-type=\"widget\" data-widget_type=\"button.default\">\n\t\t\t\t<div class=\"elementor-widget-container\">\n\t\t\t\t\t\t\t\t\t<div class=\"elementor-button-wrapper\">\n\t\t\t\t\t<a class=\"elementor-button elementor-button-link elementor-size-sm\" href=\"https:\/\/www.instagram.com\/cafedelahistoria\/\" target=\"_blank\">\n\t\t\t\t\t\t<span class=\"elementor-button-content-wrapper\">\n\t\t\t\t\t\t<span class=\"elementor-button-icon\">\n\t\t\t\t<svg aria-hidden=\"true\" class=\"e-font-icon-svg e-fab-instagram\" viewBox=\"0 0 448 512\" xmlns=\"http:\/\/www.w3.org\/2000\/svg\"><path d=\"M224.1 141c-63.6 0-114.9 51.3-114.9 114.9s51.3 114.9 114.9 114.9S339 319.5 339 255.9 287.7 141 224.1 141zm0 189.6c-41.1 0-74.7-33.5-74.7-74.7s33.5-74.7 74.7-74.7 74.7 33.5 74.7 74.7-33.6 74.7-74.7 74.7zm146.4-194.3c0 14.9-12 26.8-26.8 26.8-14.9 0-26.8-12-26.8-26.8s12-26.8 26.8-26.8 26.8 12 26.8 26.8zm76.1 27.2c-1.7-35.9-9.9-67.7-36.2-93.9-26.2-26.2-58-34.4-93.9-36.2-37-2.1-147.9-2.1-184.9 0-35.8 1.7-67.6 9.9-93.9 36.1s-34.4 58-36.2 93.9c-2.1 37-2.1 147.9 0 184.9 1.7 35.9 9.9 67.7 36.2 93.9s58 34.4 93.9 36.2c37 2.1 147.9 2.1 184.9 0 35.9-1.7 67.7-9.9 93.9-36.2 26.2-26.2 34.4-58 36.2-93.9 2.1-37 2.1-147.8 0-184.8zM398.8 388c-7.8 19.6-22.9 34.7-42.6 42.6-29.5 11.7-99.5 9-132.1 9s-102.7 2.6-132.1-9c-19.6-7.8-34.7-22.9-42.6-42.6-11.7-29.5-9-99.5-9-132.1s-2.6-102.7 9-132.1c7.8-19.6 22.9-34.7 42.6-42.6 29.5-11.7 99.5-9 132.1-9s102.7-2.6 132.1 9c19.6 7.8 34.7 22.9 42.6 42.6 11.7 29.5 9 99.5 9 132.1s2.7 102.7-9 132.1z\"><\/path><\/svg>\t\t\t<\/span>\n\t\t\t\t\t\t\t\t\t<span class=\"elementor-button-text\">VISITA NUESTRO INSTAGRAM<\/span>\n\t\t\t\t\t<\/span>\n\t\t\t\t\t<\/a>\n\t\t\t\t<\/div>\n\t\t\t\t\t\t\t\t<\/div>\n\t\t\t\t<\/div>\n\t\t\t\t\t<\/div>\n\t\t\t\t<\/div>\n\t\t\t\t<\/div>\n\t\t","protected":false},"excerpt":{"rendered":"<p>Caf\u00e9 de la Historia Te invitamos a que nos visites y conozcas la nueva carta del Caf\u00e9 de la Historia.Te esperamos de lunes a domingo de 10:00 a 21:00 hrs. cafe.historia.proy@gmail.com REVISA EL MEN\u00da VISITA NUESTRO INSTAGRAM<\/p>\n","protected":false},"author":1,"featured_media":0,"parent":0,"menu_order":0,"comment_status":"closed","ping_status":"closed","template":"","meta":{"footnotes":""},"class_list":["post-103","page","type-page","status-publish","hentry"],"_links":{"self":[{"href":"https:\/\/www.ghconcepcion.cl\/index.php\/wp-json\/wp\/v2\/pages\/103","targetHints":{"allow":["GET"]}}],"collection":[{"href":"https:\/\/www.ghconcepcion.cl\/index.php\/wp-json\/wp\/v2\/pages"}],"about":[{"href":"https:\/\/www.ghconcepcion.cl\/index.php\/wp-json\/wp\/v2\/types\/page"}],"author":[{"embeddable":true,"href":"https:\/\/www.ghconcepcion.cl\/index.php\/wp-json\/wp\/v2\/users\/1"}],"replies":[{"embeddable":true,"href":"https:\/\/www.ghconcepcion.cl\/index.php\/wp-json\/wp\/v2\/comments?post=103"}],"version-history":[{"count":13,"href":"https:\/\/www.ghconcepcion.cl\/index.php\/wp-json\/wp\/v2\/pages\/103\/revisions"}],"predecessor-version":[{"id":3746,"href":"https:\/\/www.ghconcepcion.cl\/index.php\/wp-json\/wp\/v2\/pages\/103\/revisions\/3746"}],"wp:attachment":[{"href":"https:\/\/www.ghconcepcion.cl\/index.php\/wp-json\/wp\/v2\/media?parent=103"}],"curies":[{"name":"wp","href":"https:\/\/api.w.org\/{rel}","templated":true}]}}