{"id":20,"date":"2014-11-06T10:25:57","date_gmt":"2014-11-06T10:25:57","guid":{"rendered":"http:\/\/themes.muffingroup.com\/be\/museum\/?page_id=20"},"modified":"2022-05-13T17:09:34","modified_gmt":"2022-05-13T17:09:34","slug":"gallery","status":"publish","type":"page","link":"https:\/\/www.ghconcepcion.cl\/index.php\/gallery\/","title":{"rendered":"VISITAS"},"content":{"rendered":"<h4><em>Recursos&nbsp;<\/em><i>Pedag\u00f3gicos<\/i><\/h4>\n<p>Con el fin que puedan preparar su visita a la Galer\u00eda de la Historia de Concepci\u00f3n ,con anticipaci\u00f3n, tambi\u00e9n disponemos de&nbsp;<strong>gu\u00edas educativas descargables<\/strong>&nbsp;sobre diversos temas expuestos en nuestras colecciones permanentes.<\/p>\n<p><em>Descarga de Gu\u00edas interactivas seg\u00fan nivel.<\/em><\/p>\n<ul>\n<li><img decoding=\"async\" class=\"alignnone wp-image-288\" src=\"http:\/\/www.ghconcepcion.cl\/wp-content\/uploads\/2014\/11\/52ff0e80b07d28b590bbc4b30befde52-297x300.png\" alt=\"\" width=\"29\" height=\"29\" srcset=\"https:\/\/www.ghconcepcion.cl\/wp-content\/uploads\/2014\/11\/52ff0e80b07d28b590bbc4b30befde52-297x300.png 297w, https:\/\/www.ghconcepcion.cl\/wp-content\/uploads\/2014\/11\/52ff0e80b07d28b590bbc4b30befde52-150x150.png 150w, https:\/\/www.ghconcepcion.cl\/wp-content\/uploads\/2014\/11\/52ff0e80b07d28b590bbc4b30befde52-145x146.png 145w, https:\/\/www.ghconcepcion.cl\/wp-content\/uploads\/2014\/11\/52ff0e80b07d28b590bbc4b30befde52-50x50.png 50w, https:\/\/www.ghconcepcion.cl\/wp-content\/uploads\/2014\/11\/52ff0e80b07d28b590bbc4b30befde52-74x75.png 74w, https:\/\/www.ghconcepcion.cl\/wp-content\/uploads\/2014\/11\/52ff0e80b07d28b590bbc4b30befde52-85x85.png 85w, https:\/\/www.ghconcepcion.cl\/wp-content\/uploads\/2014\/11\/52ff0e80b07d28b590bbc4b30befde52-80x80.png 80w, https:\/\/www.ghconcepcion.cl\/wp-content\/uploads\/2014\/11\/52ff0e80b07d28b590bbc4b30befde52.png 507w\" sizes=\"(max-width: 29px) 100vw, 29px\" \/>&nbsp;<a href=\"http:\/\/www.ghconcepcion.cl\/wp-content\/uploads\/2017\/11\/GUI\u0301A-DIDA\u0301CTICA-GHC.compressed.pdf\">Descargar Gu\u00eda did\u00e1ctica de : 3\u00b0 a 4\u00b0 b\u00e1sico<\/a><\/li>\n<li><img decoding=\"async\" class=\"alignnone wp-image-288\" src=\"http:\/\/www.ghconcepcion.cl\/wp-content\/uploads\/2014\/11\/52ff0e80b07d28b590bbc4b30befde52-297x300.png\" alt=\"\" width=\"28\" height=\"28\" srcset=\"https:\/\/www.ghconcepcion.cl\/wp-content\/uploads\/2014\/11\/52ff0e80b07d28b590bbc4b30befde52-297x300.png 297w, https:\/\/www.ghconcepcion.cl\/wp-content\/uploads\/2014\/11\/52ff0e80b07d28b590bbc4b30befde52-150x150.png 150w, https:\/\/www.ghconcepcion.cl\/wp-content\/uploads\/2014\/11\/52ff0e80b07d28b590bbc4b30befde52-145x146.png 145w, https:\/\/www.ghconcepcion.cl\/wp-content\/uploads\/2014\/11\/52ff0e80b07d28b590bbc4b30befde52-50x50.png 50w, https:\/\/www.ghconcepcion.cl\/wp-content\/uploads\/2014\/11\/52ff0e80b07d28b590bbc4b30befde52-74x75.png 74w, https:\/\/www.ghconcepcion.cl\/wp-content\/uploads\/2014\/11\/52ff0e80b07d28b590bbc4b30befde52-85x85.png 85w, https:\/\/www.ghconcepcion.cl\/wp-content\/uploads\/2014\/11\/52ff0e80b07d28b590bbc4b30befde52-80x80.png 80w, https:\/\/www.ghconcepcion.cl\/wp-content\/uploads\/2014\/11\/52ff0e80b07d28b590bbc4b30befde52.png 507w\" sizes=\"(max-width: 28px) 100vw, 28px\" \/>&nbsp;&nbsp;<a href=\"http:\/\/www.ghconcepcion.cl\/wp-content\/uploads\/2017\/11\/Gui\u0301a-de-los-16-Dioramas.compressed.pdf\">Descargar Gu\u00eda did\u00e1ctica de : 5\u00b0 a 6\u00b0 b\u00e1sico<\/a><\/li>\n<\/ul>\n","protected":false},"excerpt":{"rendered":"<p>Recursos&nbsp;Pedag\u00f3gicos Con el fin que puedan preparar su visita a la Galer\u00eda de la Historia de Concepci\u00f3n ,con anticipaci\u00f3n, tambi\u00e9n disponemos de&nbsp;gu\u00edas educativas descargables&nbsp;sobre diversos temas expuestos en nuestras colecciones permanentes. Descarga de Gu\u00edas interactivas seg\u00fan nivel. &nbsp;Descargar Gu\u00eda did\u00e1ctica de : 3\u00b0 a 4\u00b0 b\u00e1sico &nbsp;&nbsp;Descargar Gu\u00eda did\u00e1ctica de : 5\u00b0 a 6\u00b0 b\u00e1sico<\/p>\n","protected":false},"author":1,"featured_media":0,"parent":0,"menu_order":0,"comment_status":"open","ping_status":"open","template":"","meta":{"footnotes":""},"class_list":["post-20","page","type-page","status-publish","hentry"],"_links":{"self":[{"href":"https:\/\/www.ghconcepcion.cl\/index.php\/wp-json\/wp\/v2\/pages\/20","targetHints":{"allow":["GET"]}}],"collection":[{"href":"https:\/\/www.ghconcepcion.cl\/index.php\/wp-json\/wp\/v2\/pages"}],"about":[{"href":"https:\/\/www.ghconcepcion.cl\/index.php\/wp-json\/wp\/v2\/types\/page"}],"author":[{"embeddable":true,"href":"https:\/\/www.ghconcepcion.cl\/index.php\/wp-json\/wp\/v2\/users\/1"}],"replies":[{"embeddable":true,"href":"https:\/\/www.ghconcepcion.cl\/index.php\/wp-json\/wp\/v2\/comments?post=20"}],"version-history":[{"count":10,"href":"https:\/\/www.ghconcepcion.cl\/index.php\/wp-json\/wp\/v2\/pages\/20\/revisions"}],"predecessor-version":[{"id":2809,"href":"https:\/\/www.ghconcepcion.cl\/index.php\/wp-json\/wp\/v2\/pages\/20\/revisions\/2809"}],"wp:attachment":[{"href":"https:\/\/www.ghconcepcion.cl\/index.php\/wp-json\/wp\/v2\/media?parent=20"}],"curies":[{"name":"wp","href":"https:\/\/api.w.org\/{rel}","templated":true}]}}