{"id":2440,"date":"2021-06-22T17:26:51","date_gmt":"2021-06-22T17:26:51","guid":{"rendered":"http:\/\/www.ghconcepcion.cl\/?page_id=2440"},"modified":"2025-06-09T13:58:55","modified_gmt":"2025-06-09T13:58:55","slug":"productos","status":"publish","type":"page","link":"https:\/\/www.ghconcepcion.cl\/index.php\/productos\/","title":{"rendered":"Productos"},"content":{"rendered":"\t\t<div data-elementor-type=\"wp-page\" data-elementor-id=\"2440\" class=\"elementor elementor-2440\" data-elementor-post-type=\"page\">\n\t\t\t\t<div class=\"elementor-element elementor-element-c3fd84c e-flex e-con-boxed e-con e-parent\" data-id=\"c3fd84c\" data-element_type=\"container\" data-e-type=\"container\">\n\t\t\t\t\t<div class=\"e-con-inner\">\n\t\t\t\t<div class=\"elementor-element elementor-element-308c2e4 elementor-widget elementor-widget-heading\" data-id=\"308c2e4\" data-element_type=\"widget\" data-e-type=\"widget\" data-widget_type=\"heading.default\">\n\t\t\t\t<div class=\"elementor-widget-container\">\n\t\t\t\t\t<h2 class=\"elementor-heading-title elementor-size-default\">Lista de precios<\/h2>\t\t\t\t<\/div>\n\t\t\t\t<\/div>\n\t\t\t\t<div class=\"elementor-element elementor-element-6764c2b elementor-widget elementor-widget-text-editor\" data-id=\"6764c2b\" data-element_type=\"widget\" data-e-type=\"widget\" data-widget_type=\"text-editor.default\">\n\t\t\t\t<div class=\"elementor-widget-container\">\n\t\t\t\t\t\t\t\t\t<p>Aqu\u00ed podr\u00e1s encontrar productos de la Tienda del Museo, como de Emprendedoras Penquistas:<\/p>\t\t\t\t\t\t\t\t<\/div>\n\t\t\t\t<\/div>\n\t\t\t\t\t<\/div>\n\t\t\t\t<\/div>\n\t\t<div class=\"elementor-element elementor-element-584f531 e-flex e-con-boxed e-con e-parent\" data-id=\"584f531\" data-element_type=\"container\" data-e-type=\"container\">\n\t\t\t\t\t<div class=\"e-con-inner\">\n\t\t<div class=\"elementor-element elementor-element-fcb887c e-con-full e-flex e-con e-child\" data-id=\"fcb887c\" data-element_type=\"container\" data-e-type=\"container\">\n\t\t\t\t<div class=\"elementor-element elementor-element-4b2dce4 elementor-widget elementor-widget-image\" data-id=\"4b2dce4\" data-element_type=\"widget\" data-e-type=\"widget\" data-widget_type=\"image.default\">\n\t\t\t\t<div class=\"elementor-widget-container\">\n\t\t\t\t\t\t\t\t\t\t\t\t\t\t\t<img fetchpriority=\"high\" decoding=\"async\" width=\"3249\" height=\"5020\" src=\"https:\/\/www.ghconcepcion.cl\/wp-content\/uploads\/2022\/12\/LISTA-DE-PRECIO-TDM-2022_Mesa-de-trabajo-1.png\" class=\"attachment-full size-full wp-image-3012\" alt=\"\" srcset=\"https:\/\/www.ghconcepcion.cl\/wp-content\/uploads\/2022\/12\/LISTA-DE-PRECIO-TDM-2022_Mesa-de-trabajo-1.png 3249w, https:\/\/www.ghconcepcion.cl\/wp-content\/uploads\/2022\/12\/LISTA-DE-PRECIO-TDM-2022_Mesa-de-trabajo-1-259x400.png 259w, https:\/\/www.ghconcepcion.cl\/wp-content\/uploads\/2022\/12\/LISTA-DE-PRECIO-TDM-2022_Mesa-de-trabajo-1-663x1024.png 663w, https:\/\/www.ghconcepcion.cl\/wp-content\/uploads\/2022\/12\/LISTA-DE-PRECIO-TDM-2022_Mesa-de-trabajo-1-768x1187.png 768w, https:\/\/www.ghconcepcion.cl\/wp-content\/uploads\/2022\/12\/LISTA-DE-PRECIO-TDM-2022_Mesa-de-trabajo-1-994x1536.png 994w, https:\/\/www.ghconcepcion.cl\/wp-content\/uploads\/2022\/12\/LISTA-DE-PRECIO-TDM-2022_Mesa-de-trabajo-1-1325x2048.png 1325w, https:\/\/www.ghconcepcion.cl\/wp-content\/uploads\/2022\/12\/LISTA-DE-PRECIO-TDM-2022_Mesa-de-trabajo-1-94x146.png 94w, https:\/\/www.ghconcepcion.cl\/wp-content\/uploads\/2022\/12\/LISTA-DE-PRECIO-TDM-2022_Mesa-de-trabajo-1-32x50.png 32w, https:\/\/www.ghconcepcion.cl\/wp-content\/uploads\/2022\/12\/LISTA-DE-PRECIO-TDM-2022_Mesa-de-trabajo-1-49x75.png 49w\" sizes=\"(max-width: 3249px) 100vw, 3249px\" \/>\t\t\t\t\t\t\t\t\t\t\t\t\t\t\t<\/div>\n\t\t\t\t<\/div>\n\t\t\t\t<\/div>\n\t\t<div class=\"elementor-element elementor-element-9879b67 e-con-full e-flex e-con e-child\" data-id=\"9879b67\" data-element_type=\"container\" data-e-type=\"container\">\n\t\t\t\t<div class=\"elementor-element elementor-element-cddd796 elementor-widget elementor-widget-image\" data-id=\"cddd796\" data-element_type=\"widget\" data-e-type=\"widget\" data-widget_type=\"image.default\">\n\t\t\t\t<div class=\"elementor-widget-container\">\n\t\t\t\t\t\t\t\t\t\t\t\t\t\t\t<img decoding=\"async\" width=\"3249\" height=\"5021\" src=\"https:\/\/www.ghconcepcion.cl\/wp-content\/uploads\/2022\/12\/LISTA-DE-PRECIO-TDM-2022_Mesa-de-trabajo-1-copia.png\" class=\"attachment-full size-full wp-image-3011\" alt=\"\" srcset=\"https:\/\/www.ghconcepcion.cl\/wp-content\/uploads\/2022\/12\/LISTA-DE-PRECIO-TDM-2022_Mesa-de-trabajo-1-copia.png 3249w, https:\/\/www.ghconcepcion.cl\/wp-content\/uploads\/2022\/12\/LISTA-DE-PRECIO-TDM-2022_Mesa-de-trabajo-1-copia-259x400.png 259w, https:\/\/www.ghconcepcion.cl\/wp-content\/uploads\/2022\/12\/LISTA-DE-PRECIO-TDM-2022_Mesa-de-trabajo-1-copia-663x1024.png 663w, https:\/\/www.ghconcepcion.cl\/wp-content\/uploads\/2022\/12\/LISTA-DE-PRECIO-TDM-2022_Mesa-de-trabajo-1-copia-768x1187.png 768w, https:\/\/www.ghconcepcion.cl\/wp-content\/uploads\/2022\/12\/LISTA-DE-PRECIO-TDM-2022_Mesa-de-trabajo-1-copia-994x1536.png 994w, https:\/\/www.ghconcepcion.cl\/wp-content\/uploads\/2022\/12\/LISTA-DE-PRECIO-TDM-2022_Mesa-de-trabajo-1-copia-1325x2048.png 1325w, https:\/\/www.ghconcepcion.cl\/wp-content\/uploads\/2022\/12\/LISTA-DE-PRECIO-TDM-2022_Mesa-de-trabajo-1-copia-94x146.png 94w, https:\/\/www.ghconcepcion.cl\/wp-content\/uploads\/2022\/12\/LISTA-DE-PRECIO-TDM-2022_Mesa-de-trabajo-1-copia-32x50.png 32w, https:\/\/www.ghconcepcion.cl\/wp-content\/uploads\/2022\/12\/LISTA-DE-PRECIO-TDM-2022_Mesa-de-trabajo-1-copia-49x75.png 49w\" sizes=\"(max-width: 3249px) 100vw, 3249px\" \/>\t\t\t\t\t\t\t\t\t\t\t\t\t\t\t<\/div>\n\t\t\t\t<\/div>\n\t\t\t\t<\/div>\n\t\t\t\t\t<\/div>\n\t\t\t\t<\/div>\n\t\t<div class=\"elementor-element elementor-element-41a0684 e-flex e-con-boxed e-con e-parent\" data-id=\"41a0684\" data-element_type=\"container\" data-e-type=\"container\">\n\t\t\t\t\t<div class=\"e-con-inner\">\n\t\t\t\t<div class=\"elementor-element elementor-element-27416ac elementor-widget elementor-widget-heading\" data-id=\"27416ac\" data-element_type=\"widget\" data-e-type=\"widget\" data-widget_type=\"heading.default\">\n\t\t\t\t<div class=\"elementor-widget-container\">\n\t\t\t\t\t<h2 class=\"elementor-heading-title elementor-size-default\">Cat\u00e1logo<\/h2>\t\t\t\t<\/div>\n\t\t\t\t<\/div>\n\t\t\t\t\t<\/div>\n\t\t\t\t<\/div>\n\t\t\t\t<\/div>\n\t\t","protected":false},"excerpt":{"rendered":"<p>Lista de precios Aqu\u00ed podr\u00e1s encontrar productos de la Tienda del Museo, como de Emprendedoras Penquistas: Cat\u00e1logo<\/p>\n","protected":false},"author":1,"featured_media":0,"parent":0,"menu_order":0,"comment_status":"closed","ping_status":"closed","template":"","meta":{"footnotes":""},"class_list":["post-2440","page","type-page","status-publish","hentry"],"_links":{"self":[{"href":"https:\/\/www.ghconcepcion.cl\/index.php\/wp-json\/wp\/v2\/pages\/2440","targetHints":{"allow":["GET"]}}],"collection":[{"href":"https:\/\/www.ghconcepcion.cl\/index.php\/wp-json\/wp\/v2\/pages"}],"about":[{"href":"https:\/\/www.ghconcepcion.cl\/index.php\/wp-json\/wp\/v2\/types\/page"}],"author":[{"embeddable":true,"href":"https:\/\/www.ghconcepcion.cl\/index.php\/wp-json\/wp\/v2\/users\/1"}],"replies":[{"embeddable":true,"href":"https:\/\/www.ghconcepcion.cl\/index.php\/wp-json\/wp\/v2\/comments?post=2440"}],"version-history":[{"count":13,"href":"https:\/\/www.ghconcepcion.cl\/index.php\/wp-json\/wp\/v2\/pages\/2440\/revisions"}],"predecessor-version":[{"id":4015,"href":"https:\/\/www.ghconcepcion.cl\/index.php\/wp-json\/wp\/v2\/pages\/2440\/revisions\/4015"}],"wp:attachment":[{"href":"https:\/\/www.ghconcepcion.cl\/index.php\/wp-json\/wp\/v2\/media?parent=2440"}],"curies":[{"name":"wp","href":"https:\/\/api.w.org\/{rel}","templated":true}]}}