{"id":2480,"date":"2021-06-24T16:39:36","date_gmt":"2021-06-24T16:39:36","guid":{"rendered":"http:\/\/www.ghconcepcion.cl\/?page_id=2480"},"modified":"2024-09-21T01:05:21","modified_gmt":"2024-09-21T01:05:21","slug":"libros-regionales","status":"publish","type":"page","link":"https:\/\/www.ghconcepcion.cl\/index.php\/libros-regionales\/","title":{"rendered":"Libros regionales"},"content":{"rendered":"\t\t<div data-elementor-type=\"wp-page\" data-elementor-id=\"2480\" class=\"elementor elementor-2480\" data-elementor-post-type=\"page\">\n\t\t\t\t<div class=\"elementor-element elementor-element-9d4e8b8 e-flex e-con-boxed e-con e-parent\" data-id=\"9d4e8b8\" data-element_type=\"container\" data-e-type=\"container\">\n\t\t\t\t\t<div class=\"e-con-inner\">\n\t\t\t\t<div class=\"elementor-element elementor-element-0adb197 elementor-widget elementor-widget-heading\" data-id=\"0adb197\" data-element_type=\"widget\" data-e-type=\"widget\" data-widget_type=\"heading.default\">\n\t\t\t\t<div class=\"elementor-widget-container\">\n\t\t\t\t\t<h2 class=\"elementor-heading-title elementor-size-default\">Libros<\/h2>\t\t\t\t<\/div>\n\t\t\t\t<\/div>\n\t\t\t\t<div class=\"elementor-element elementor-element-d1e8b9c elementor-widget elementor-widget-text-editor\" data-id=\"d1e8b9c\" data-element_type=\"widget\" data-e-type=\"widget\" data-widget_type=\"text-editor.default\">\n\t\t\t\t<div class=\"elementor-widget-container\">\n\t\t\t\t\t\t\t\t\t<h4 class=\"desc_wrappper_title\">Libros regionales<\/h4><div class=\"desc\"><p align=\"justify\">La Tienda del Museo pone a su disposici\u00f3n los libros de Ediciones del Archivo Hist\u00f3rico de Concepci\u00f3n, entidad que produce libros ligados a la historia y el patrimonio de Concepci\u00f3n y su zona de influencia hist\u00f3rica. El cat\u00e1logo de esta editorial aspira a contribuir al desarrollo de investigaciones hist\u00f3ricas y patrimoniales de la regi\u00f3n, y colaborar con la ense\u00f1anza en el sistema escolar, as\u00ed como a servir al p\u00fablico en general.<\/p><p>El Archivo Hist\u00f3rico de Concepci\u00f3n, fue fundado por la Corporaci\u00f3n Semco el 02 de octubre de 2013, y adem\u00e1s de su editorial, cuenta con un archivo digital, un archivo fotogr\u00e1fico, una biblioteca regional, una mediateca, una mapoteca, un fondo editorial y un portal web (http:\/\/www.archivohistoricoconcepcion.cl), que est\u00e1n al servicio de especialistas, p\u00fablico en general y el sistema escolar.<\/p><p><a href=\"http:\/\/www.archivohistoricoconcepcion.cl\/\" target=\"blank\">Archivo Hist\u00f3rico de Concepci\u00f3n<\/a><\/p><\/div>\t\t\t\t\t\t\t\t<\/div>\n\t\t\t\t<\/div>\n\t\t\t\t\t<\/div>\n\t\t\t\t<\/div>\n\t\t<div class=\"elementor-element elementor-element-095b7d1 e-flex e-con-boxed e-con e-parent\" data-id=\"095b7d1\" data-element_type=\"container\" data-e-type=\"container\">\n\t\t\t\t\t<div class=\"e-con-inner\">\n\t\t<div class=\"elementor-element elementor-element-429a673 e-con-full e-flex e-con e-child\" data-id=\"429a673\" data-element_type=\"container\" data-e-type=\"container\">\n\t\t\t\t<div class=\"elementor-element elementor-element-2f90956 elementor-widget elementor-widget-image\" data-id=\"2f90956\" data-element_type=\"widget\" data-e-type=\"widget\" data-widget_type=\"image.default\">\n\t\t\t\t<div class=\"elementor-widget-container\">\n\t\t\t\t\t\t\t\t\t\t\t\t\t\t\t\t<a href=\"https:\/\/www.ghconcepcion.cl\/wp-content\/uploads\/2021\/06\/BAJA.LISTA-DE-PRECIOS_2-2019-sin-croqueras-03.png\" data-elementor-open-lightbox=\"yes\" data-elementor-lightbox-title=\"BAJA.LISTA DE PRECIOS_2 2019 sin croqueras-03\" data-e-action-hash=\"#elementor-action%3Aaction%3Dlightbox%26settings%3DeyJpZCI6MjQ2OSwidXJsIjoiaHR0cHM6XC9cL3d3dy5naGNvbmNlcGNpb24uY2xcL3dwLWNvbnRlbnRcL3VwbG9hZHNcLzIwMjFcLzA2XC9CQUpBLkxJU1RBLURFLVBSRUNJT1NfMi0yMDE5LXNpbi1jcm9xdWVyYXMtMDMucG5nIn0%3D\">\n\t\t\t\t\t\t\t<img fetchpriority=\"high\" decoding=\"async\" width=\"843\" height=\"1191\" src=\"https:\/\/www.ghconcepcion.cl\/wp-content\/uploads\/2021\/06\/BAJA.LISTA-DE-PRECIOS_2-2019-sin-croqueras-03.png\" class=\"attachment-full size-full wp-image-2469\" alt=\"\" srcset=\"https:\/\/www.ghconcepcion.cl\/wp-content\/uploads\/2021\/06\/BAJA.LISTA-DE-PRECIOS_2-2019-sin-croqueras-03.png 843w, https:\/\/www.ghconcepcion.cl\/wp-content\/uploads\/2021\/06\/BAJA.LISTA-DE-PRECIOS_2-2019-sin-croqueras-03-283x400.png 283w, https:\/\/www.ghconcepcion.cl\/wp-content\/uploads\/2021\/06\/BAJA.LISTA-DE-PRECIOS_2-2019-sin-croqueras-03-725x1024.png 725w, https:\/\/www.ghconcepcion.cl\/wp-content\/uploads\/2021\/06\/BAJA.LISTA-DE-PRECIOS_2-2019-sin-croqueras-03-768x1085.png 768w, https:\/\/www.ghconcepcion.cl\/wp-content\/uploads\/2021\/06\/BAJA.LISTA-DE-PRECIOS_2-2019-sin-croqueras-03-103x146.png 103w, https:\/\/www.ghconcepcion.cl\/wp-content\/uploads\/2021\/06\/BAJA.LISTA-DE-PRECIOS_2-2019-sin-croqueras-03-35x50.png 35w, https:\/\/www.ghconcepcion.cl\/wp-content\/uploads\/2021\/06\/BAJA.LISTA-DE-PRECIOS_2-2019-sin-croqueras-03-53x75.png 53w\" sizes=\"(max-width: 843px) 100vw, 843px\" \/>\t\t\t\t\t\t\t\t<\/a>\n\t\t\t\t\t\t\t\t\t\t\t\t\t\t\t<\/div>\n\t\t\t\t<\/div>\n\t\t\t\t<\/div>\n\t\t<div class=\"elementor-element elementor-element-33f5acf e-con-full e-flex e-con e-child\" data-id=\"33f5acf\" data-element_type=\"container\" data-e-type=\"container\">\n\t\t\t\t<div class=\"elementor-element elementor-element-c9bfd94 elementor-widget elementor-widget-image\" data-id=\"c9bfd94\" data-element_type=\"widget\" data-e-type=\"widget\" data-widget_type=\"image.default\">\n\t\t\t\t<div class=\"elementor-widget-container\">\n\t\t\t\t\t\t\t\t\t\t\t\t\t\t\t\t<a href=\"https:\/\/www.ghconcepcion.cl\/wp-content\/uploads\/2021\/06\/BAJA.LISTA-DE-PRECIOS_2-2019-sin-croqueras-04.png\" data-elementor-open-lightbox=\"yes\" data-elementor-lightbox-title=\"BAJA.LISTA DE PRECIOS_2 2019 sin croqueras-04\" data-e-action-hash=\"#elementor-action%3Aaction%3Dlightbox%26settings%3DeyJpZCI6MjQ3MCwidXJsIjoiaHR0cHM6XC9cL3d3dy5naGNvbmNlcGNpb24uY2xcL3dwLWNvbnRlbnRcL3VwbG9hZHNcLzIwMjFcLzA2XC9CQUpBLkxJU1RBLURFLVBSRUNJT1NfMi0yMDE5LXNpbi1jcm9xdWVyYXMtMDQucG5nIn0%3D\">\n\t\t\t\t\t\t\t<img decoding=\"async\" width=\"843\" height=\"1191\" src=\"https:\/\/www.ghconcepcion.cl\/wp-content\/uploads\/2021\/06\/BAJA.LISTA-DE-PRECIOS_2-2019-sin-croqueras-04.png\" class=\"attachment-full size-full wp-image-2470\" alt=\"\" srcset=\"https:\/\/www.ghconcepcion.cl\/wp-content\/uploads\/2021\/06\/BAJA.LISTA-DE-PRECIOS_2-2019-sin-croqueras-04.png 843w, https:\/\/www.ghconcepcion.cl\/wp-content\/uploads\/2021\/06\/BAJA.LISTA-DE-PRECIOS_2-2019-sin-croqueras-04-283x400.png 283w, https:\/\/www.ghconcepcion.cl\/wp-content\/uploads\/2021\/06\/BAJA.LISTA-DE-PRECIOS_2-2019-sin-croqueras-04-725x1024.png 725w, https:\/\/www.ghconcepcion.cl\/wp-content\/uploads\/2021\/06\/BAJA.LISTA-DE-PRECIOS_2-2019-sin-croqueras-04-768x1085.png 768w, https:\/\/www.ghconcepcion.cl\/wp-content\/uploads\/2021\/06\/BAJA.LISTA-DE-PRECIOS_2-2019-sin-croqueras-04-103x146.png 103w, https:\/\/www.ghconcepcion.cl\/wp-content\/uploads\/2021\/06\/BAJA.LISTA-DE-PRECIOS_2-2019-sin-croqueras-04-35x50.png 35w, https:\/\/www.ghconcepcion.cl\/wp-content\/uploads\/2021\/06\/BAJA.LISTA-DE-PRECIOS_2-2019-sin-croqueras-04-53x75.png 53w\" sizes=\"(max-width: 843px) 100vw, 843px\" \/>\t\t\t\t\t\t\t\t<\/a>\n\t\t\t\t\t\t\t\t\t\t\t\t\t\t\t<\/div>\n\t\t\t\t<\/div>\n\t\t\t\t<\/div>\n\t\t\t\t\t<\/div>\n\t\t\t\t<\/div>\n\t\t\t\t<\/div>\n\t\t","protected":false},"excerpt":{"rendered":"<p>Libros Libros regionales La Tienda del Museo pone a su disposici\u00f3n los libros de Ediciones del Archivo Hist\u00f3rico de Concepci\u00f3n, entidad que produce libros ligados a la historia y el patrimonio de Concepci\u00f3n y su zona de influencia hist\u00f3rica. El cat\u00e1logo de esta editorial aspira a contribuir al desarrollo de investigaciones hist\u00f3ricas y patrimoniales de [&hellip;]<\/p>\n","protected":false},"author":1,"featured_media":0,"parent":0,"menu_order":0,"comment_status":"closed","ping_status":"closed","template":"","meta":{"footnotes":""},"class_list":["post-2480","page","type-page","status-publish","hentry"],"_links":{"self":[{"href":"https:\/\/www.ghconcepcion.cl\/index.php\/wp-json\/wp\/v2\/pages\/2480","targetHints":{"allow":["GET"]}}],"collection":[{"href":"https:\/\/www.ghconcepcion.cl\/index.php\/wp-json\/wp\/v2\/pages"}],"about":[{"href":"https:\/\/www.ghconcepcion.cl\/index.php\/wp-json\/wp\/v2\/types\/page"}],"author":[{"embeddable":true,"href":"https:\/\/www.ghconcepcion.cl\/index.php\/wp-json\/wp\/v2\/users\/1"}],"replies":[{"embeddable":true,"href":"https:\/\/www.ghconcepcion.cl\/index.php\/wp-json\/wp\/v2\/comments?post=2480"}],"version-history":[{"count":5,"href":"https:\/\/www.ghconcepcion.cl\/index.php\/wp-json\/wp\/v2\/pages\/2480\/revisions"}],"predecessor-version":[{"id":3672,"href":"https:\/\/www.ghconcepcion.cl\/index.php\/wp-json\/wp\/v2\/pages\/2480\/revisions\/3672"}],"wp:attachment":[{"href":"https:\/\/www.ghconcepcion.cl\/index.php\/wp-json\/wp\/v2\/media?parent=2480"}],"curies":[{"name":"wp","href":"https:\/\/api.w.org\/{rel}","templated":true}]}}