{"id":2484,"date":"2021-06-24T16:04:00","date_gmt":"2021-06-24T16:04:00","guid":{"rendered":"http:\/\/www.ghconcepcion.cl\/?page_id=2484"},"modified":"2024-09-21T00:57:07","modified_gmt":"2024-09-21T00:57:07","slug":"conocenos","status":"publish","type":"page","link":"https:\/\/www.ghconcepcion.cl\/index.php\/conocenos\/","title":{"rendered":"Con\u00f3cenos"},"content":{"rendered":"\t\t<div data-elementor-type=\"wp-page\" data-elementor-id=\"2484\" class=\"elementor elementor-2484\" data-elementor-post-type=\"page\">\n\t\t\t\t<div class=\"elementor-element elementor-element-3ac4451 e-flex e-con-boxed e-con e-parent\" data-id=\"3ac4451\" data-element_type=\"container\" data-e-type=\"container\">\n\t\t\t\t\t<div class=\"e-con-inner\">\n\t\t\t\t<div class=\"elementor-element elementor-element-ebc9cbb elementor-widget elementor-widget-image\" data-id=\"ebc9cbb\" data-element_type=\"widget\" data-e-type=\"widget\" data-widget_type=\"image.default\">\n\t\t\t\t<div class=\"elementor-widget-container\">\n\t\t\t\t\t\t\t\t\t\t\t\t\t\t\t<img fetchpriority=\"high\" decoding=\"async\" width=\"800\" height=\"311\" src=\"https:\/\/www.ghconcepcion.cl\/wp-content\/uploads\/2023\/02\/tdm-04-1024x398.png\" class=\"attachment-large size-large wp-image-3133\" alt=\"\" srcset=\"https:\/\/www.ghconcepcion.cl\/wp-content\/uploads\/2023\/02\/tdm-04-1024x398.png 1024w, https:\/\/www.ghconcepcion.cl\/wp-content\/uploads\/2023\/02\/tdm-04-400x155.png 400w, https:\/\/www.ghconcepcion.cl\/wp-content\/uploads\/2023\/02\/tdm-04-768x299.png 768w, https:\/\/www.ghconcepcion.cl\/wp-content\/uploads\/2023\/02\/tdm-04-260x101.png 260w, https:\/\/www.ghconcepcion.cl\/wp-content\/uploads\/2023\/02\/tdm-04-50x19.png 50w, https:\/\/www.ghconcepcion.cl\/wp-content\/uploads\/2023\/02\/tdm-04-150x58.png 150w, https:\/\/www.ghconcepcion.cl\/wp-content\/uploads\/2023\/02\/tdm-04.png 1330w\" sizes=\"(max-width: 800px) 100vw, 800px\" \/>\t\t\t\t\t\t\t\t\t\t\t\t\t\t\t<\/div>\n\t\t\t\t<\/div>\n\t\t\t\t<div class=\"elementor-element elementor-element-40e59f8 elementor-widget elementor-widget-text-editor\" data-id=\"40e59f8\" data-element_type=\"widget\" data-e-type=\"widget\" data-widget_type=\"text-editor.default\">\n\t\t\t\t<div class=\"elementor-widget-container\">\n\t\t\t\t\t\t\t\t\t<p>La Tienda del Museo de la Galer\u00eda de la Historia de Concepci\u00f3n tiene por misi\u00f3n la producci\u00f3n y comercializaci\u00f3n de objetos memoriales y souvenirs con identidad penquista. Entre sus productos destacan tazones, postales, croqueras, stickers, magn\u00e9ticos, marcadores de libros, puzzles, vasos, llaveros y mouseepad.<br \/><br \/>Adem\u00e1s, esta tienda comercializa libros sobre nuestra historia que son editados por la Editorial Archivo Hist\u00f3rico de Concepci\u00f3n. En tanto que, recientemente, hemos comenzado a ofrecer productos creados por mujeres emprendedoras penquistas.<br \/><br \/>La Tienda del Museo tambi\u00e9n realiza trabajos con identidad regional, personalizados para instituciones y empresas.<br \/><br \/>Conoce nuestros productos con identidad regional, que puedes adquirir mediante transferencia, efectivo y tarjetas de d\u00e9bito y cr\u00e9dito. Retira en la Tienda del Museo o te enviamos los productos a tu domicilio, ya sea en el Gran Concepci\u00f3n, Chile o el extranjero.<br \/><br \/><br \/><br \/>S\u00edguenos en\u00a0<a href=\"https:\/\/www.facebook.com\/LaTiendaDelMuseoGHC\" target=\"blank\">Facebook e\u00a0<\/a><a href=\"https:\/\/www.instagram.com\/tiendadelmuseoghc\/\">Instagram, o cont\u00e1ctanos al\u00a0<\/a><a href=\"mailto:subject=Questions&amp;body=Escribe%20aqu%C3%AD%20si%20tienes%20preguntas\">tiendadelmuseo@semco.cl<\/a><\/p>\t\t\t\t\t\t\t\t<\/div>\n\t\t\t\t<\/div>\n\t\t\t\t\t<\/div>\n\t\t\t\t<\/div>\n\t\t<div class=\"elementor-element elementor-element-c71eb9f e-flex e-con-boxed e-con e-parent\" data-id=\"c71eb9f\" data-element_type=\"container\" data-e-type=\"container\">\n\t\t\t\t\t<div class=\"e-con-inner\">\n\t\t\t\t<div class=\"elementor-element elementor-element-139322a elementor-widget elementor-widget-image\" data-id=\"139322a\" data-element_type=\"widget\" data-e-type=\"widget\" data-widget_type=\"image.default\">\n\t\t\t\t<div class=\"elementor-widget-container\">\n\t\t\t\t\t\t\t\t\t\t\t\t\t\t\t\t<a href=\"https:\/\/www.ghconcepcion.cl\/index.php\/productos\/\">\n\t\t\t\t\t\t\t<img decoding=\"async\" width=\"800\" height=\"305\" src=\"https:\/\/www.ghconcepcion.cl\/wp-content\/uploads\/2023\/02\/LOGO-HORIZONTAL_Mesa-de-trabajo-1-1024x391.png\" class=\"attachment-large size-large wp-image-3136\" alt=\"\" srcset=\"https:\/\/www.ghconcepcion.cl\/wp-content\/uploads\/2023\/02\/LOGO-HORIZONTAL_Mesa-de-trabajo-1-1024x391.png 1024w, https:\/\/www.ghconcepcion.cl\/wp-content\/uploads\/2023\/02\/LOGO-HORIZONTAL_Mesa-de-trabajo-1-400x153.png 400w, https:\/\/www.ghconcepcion.cl\/wp-content\/uploads\/2023\/02\/LOGO-HORIZONTAL_Mesa-de-trabajo-1-768x293.png 768w, https:\/\/www.ghconcepcion.cl\/wp-content\/uploads\/2023\/02\/LOGO-HORIZONTAL_Mesa-de-trabajo-1-1536x586.png 1536w, https:\/\/www.ghconcepcion.cl\/wp-content\/uploads\/2023\/02\/LOGO-HORIZONTAL_Mesa-de-trabajo-1-2048x782.png 2048w, https:\/\/www.ghconcepcion.cl\/wp-content\/uploads\/2023\/02\/LOGO-HORIZONTAL_Mesa-de-trabajo-1-260x99.png 260w, https:\/\/www.ghconcepcion.cl\/wp-content\/uploads\/2023\/02\/LOGO-HORIZONTAL_Mesa-de-trabajo-1-50x19.png 50w, https:\/\/www.ghconcepcion.cl\/wp-content\/uploads\/2023\/02\/LOGO-HORIZONTAL_Mesa-de-trabajo-1-150x57.png 150w\" sizes=\"(max-width: 800px) 100vw, 800px\" \/>\t\t\t\t\t\t\t\t<\/a>\n\t\t\t\t\t\t\t\t\t\t\t\t\t\t\t<\/div>\n\t\t\t\t<\/div>\n\t\t\t\t\t<\/div>\n\t\t\t\t<\/div>\n\t\t\t\t<\/div>\n\t\t","protected":false},"excerpt":{"rendered":"<p>La Tienda del Museo de la Galer\u00eda de la Historia de Concepci\u00f3n tiene por misi\u00f3n la producci\u00f3n y comercializaci\u00f3n de objetos memoriales y souvenirs con identidad penquista. Entre sus productos destacan tazones, postales, croqueras, stickers, magn\u00e9ticos, marcadores de libros, puzzles, vasos, llaveros y mouseepad. Adem\u00e1s, esta tienda comercializa libros sobre nuestra historia que son editados [&hellip;]<\/p>\n","protected":false},"author":1,"featured_media":0,"parent":0,"menu_order":0,"comment_status":"closed","ping_status":"closed","template":"","meta":{"footnotes":""},"class_list":["post-2484","page","type-page","status-publish","hentry"],"_links":{"self":[{"href":"https:\/\/www.ghconcepcion.cl\/index.php\/wp-json\/wp\/v2\/pages\/2484","targetHints":{"allow":["GET"]}}],"collection":[{"href":"https:\/\/www.ghconcepcion.cl\/index.php\/wp-json\/wp\/v2\/pages"}],"about":[{"href":"https:\/\/www.ghconcepcion.cl\/index.php\/wp-json\/wp\/v2\/types\/page"}],"author":[{"embeddable":true,"href":"https:\/\/www.ghconcepcion.cl\/index.php\/wp-json\/wp\/v2\/users\/1"}],"replies":[{"embeddable":true,"href":"https:\/\/www.ghconcepcion.cl\/index.php\/wp-json\/wp\/v2\/comments?post=2484"}],"version-history":[{"count":10,"href":"https:\/\/www.ghconcepcion.cl\/index.php\/wp-json\/wp\/v2\/pages\/2484\/revisions"}],"predecessor-version":[{"id":3669,"href":"https:\/\/www.ghconcepcion.cl\/index.php\/wp-json\/wp\/v2\/pages\/2484\/revisions\/3669"}],"wp:attachment":[{"href":"https:\/\/www.ghconcepcion.cl\/index.php\/wp-json\/wp\/v2\/media?parent=2484"}],"curies":[{"name":"wp","href":"https:\/\/api.w.org\/{rel}","templated":true}]}}