{"id":258,"date":"2017-11-29T20:35:20","date_gmt":"2017-11-29T20:35:20","guid":{"rendered":"http:\/\/www.ghconcepcion.cl\/?page_id=258"},"modified":"2024-09-21T02:33:32","modified_gmt":"2024-09-21T02:33:32","slug":"resena-historica","status":"publish","type":"page","link":"https:\/\/www.ghconcepcion.cl\/index.php\/resena-historica\/","title":{"rendered":"Rese\u00f1a Hist\u00f3rica"},"content":{"rendered":"\t\t<div data-elementor-type=\"wp-page\" data-elementor-id=\"258\" class=\"elementor elementor-258\" data-elementor-post-type=\"page\">\n\t\t\t\t<div class=\"elementor-element elementor-element-47a67fe e-flex e-con-boxed e-con e-parent\" data-id=\"47a67fe\" data-element_type=\"container\" data-e-type=\"container\">\n\t\t\t\t\t<div class=\"e-con-inner\">\n\t\t\t\t<div class=\"elementor-element elementor-element-ef72aa4 elementor-widget elementor-widget-image\" data-id=\"ef72aa4\" data-element_type=\"widget\" data-e-type=\"widget\" data-widget_type=\"image.default\">\n\t\t\t\t<div class=\"elementor-widget-container\">\n\t\t\t\t\t\t\t\t\t\t\t\t\t\t\t<img fetchpriority=\"high\" decoding=\"async\" width=\"5054\" height=\"1274\" src=\"https:\/\/www.ghconcepcion.cl\/wp-content\/uploads\/2017\/11\/galeria-17.jpg\" class=\"attachment-full size-full wp-image-260\" alt=\"\" srcset=\"https:\/\/www.ghconcepcion.cl\/wp-content\/uploads\/2017\/11\/galeria-17.jpg 5054w, https:\/\/www.ghconcepcion.cl\/wp-content\/uploads\/2017\/11\/galeria-17-300x76.jpg 300w, https:\/\/www.ghconcepcion.cl\/wp-content\/uploads\/2017\/11\/galeria-17-768x194.jpg 768w, https:\/\/www.ghconcepcion.cl\/wp-content\/uploads\/2017\/11\/galeria-17-1024x258.jpg 1024w, https:\/\/www.ghconcepcion.cl\/wp-content\/uploads\/2017\/11\/galeria-17-260x66.jpg 260w, https:\/\/www.ghconcepcion.cl\/wp-content\/uploads\/2017\/11\/galeria-17-50x13.jpg 50w, https:\/\/www.ghconcepcion.cl\/wp-content\/uploads\/2017\/11\/galeria-17-150x38.jpg 150w\" sizes=\"(max-width: 5054px) 100vw, 5054px\" \/>\t\t\t\t\t\t\t\t\t\t\t\t\t\t\t<\/div>\n\t\t\t\t<\/div>\n\t\t\t\t<div class=\"elementor-element elementor-element-a8dbc12 elementor-widget elementor-widget-heading\" data-id=\"a8dbc12\" data-element_type=\"widget\" data-e-type=\"widget\" data-widget_type=\"heading.default\">\n\t\t\t\t<div class=\"elementor-widget-container\">\n\t\t\t\t\t<h2 class=\"elementor-heading-title elementor-size-default\">Rese\u00f1a Hist\u00f3rica<\/h2>\t\t\t\t<\/div>\n\t\t\t\t<\/div>\n\t\t\t\t<div class=\"elementor-element elementor-element-3a3161d elementor-widget elementor-widget-text-editor\" data-id=\"3a3161d\" data-element_type=\"widget\" data-e-type=\"widget\" data-widget_type=\"text-editor.default\">\n\t\t\t\t<div class=\"elementor-widget-container\">\n\t\t\t\t\t\t\t\t\t<p>\u00a0 \u00a0\u00a0\u00a0 Inaugurada en el a\u00f1o 1983, la Galer\u00eda de la Historia de Concepci\u00f3n es un museo en el cual m\u00faltiples hitos de la historia la ciudad, y tambi\u00e9n de la historia de Chile, son representados en una muestra permanente de diecis\u00e9is dioramas, espacios tridimensionales dotados de figuras en miniatura talladas en madera, con \u00f3leos en segundo plano, del artista Zerreitug (Rodolfo Guti\u00e9rrez, destacado artesano chileno autodidacta).<br \/><br \/>\u00a0\u00a0\u00a0 En sus instalaciones, tambi\u00e9n, se cuenta con exposiciones de artesan\u00edas, instrumentos, vestimentas y utensilios de la cultura Mapuche; mientras que en el segundo nivel, la Galer\u00eda cuenta con dos colecciones: \u00abBiob\u00edo: Cultura y Sociedad\u00bb y \u00abCer\u00e1mica Regional del Biob\u00edo\u00bb.<br \/><br \/>\u00a0\u00a0\u00a0 La Galer\u00eda est\u00e1 inserta en una privilegiada ubicaci\u00f3n: el verde del entorno del Parque Ecuador, a las faldas del Cerro Caracol, principal pulm\u00f3n de la ciudad de Concepci\u00f3n, donde se levanta como un baluarte cultural que despierta el inter\u00e9s de la comunidad penquista, visitantes nacionales y turistas extranjeros. Recientemente, la Galer\u00eda de la Historia de Concepci\u00f3n ha concluido un proceso de modernizaci\u00f3n, que ahora la tiene convertida en un centro cultural, con una Plaza de la Historia que acoge diversas actividades culturales; y una tienda de souvenirs, adem\u00e1s del exquisito Caf\u00e9 de la Historia.<br \/><br \/>\u00a0\u00a0\u00a0 La Galer\u00eda de la Historia de Concepci\u00f3n es administrada por la Corporaci\u00f3n Social y Cultural de Concepci\u00f3n \u2013 Semco, instituci\u00f3n de derecho privado y sin fines de lucro, cuyos socios fundadores son la Ilustre Municipalidad de Concepci\u00f3n y la Uni\u00f3n Comunal de Juntas de Vecinos. La Corporaci\u00f3n Semco tiene por misi\u00f3n administrar y desarrollar diversos servicios pertenecientes al municipio penquista, tales como Cementerio General de Concepci\u00f3n, Biblioteca Municipal de Concepci\u00f3n, Archivo Hist\u00f3rico de Concepci\u00f3n y Hogar Protegido para Personas con Discapacidad Ps\u00edquica.<\/p>\t\t\t\t\t\t\t\t<\/div>\n\t\t\t\t<\/div>\n\t\t\t\t\t<\/div>\n\t\t\t\t<\/div>\n\t\t\t\t<\/div>\n\t\t","protected":false},"excerpt":{"rendered":"<p>Rese\u00f1a Hist\u00f3rica \u00a0 \u00a0\u00a0\u00a0 Inaugurada en el a\u00f1o 1983, la Galer\u00eda de la Historia de Concepci\u00f3n es un museo en el cual m\u00faltiples hitos de la historia la ciudad, y tambi\u00e9n de la historia de Chile, son representados en una muestra permanente de diecis\u00e9is dioramas, espacios tridimensionales dotados de figuras en miniatura talladas en madera, [&hellip;]<\/p>\n","protected":false},"author":1,"featured_media":0,"parent":0,"menu_order":0,"comment_status":"closed","ping_status":"closed","template":"","meta":{"footnotes":""},"class_list":["post-258","page","type-page","status-publish","hentry"],"_links":{"self":[{"href":"https:\/\/www.ghconcepcion.cl\/index.php\/wp-json\/wp\/v2\/pages\/258","targetHints":{"allow":["GET"]}}],"collection":[{"href":"https:\/\/www.ghconcepcion.cl\/index.php\/wp-json\/wp\/v2\/pages"}],"about":[{"href":"https:\/\/www.ghconcepcion.cl\/index.php\/wp-json\/wp\/v2\/types\/page"}],"author":[{"embeddable":true,"href":"https:\/\/www.ghconcepcion.cl\/index.php\/wp-json\/wp\/v2\/users\/1"}],"replies":[{"embeddable":true,"href":"https:\/\/www.ghconcepcion.cl\/index.php\/wp-json\/wp\/v2\/comments?post=258"}],"version-history":[{"count":5,"href":"https:\/\/www.ghconcepcion.cl\/index.php\/wp-json\/wp\/v2\/pages\/258\/revisions"}],"predecessor-version":[{"id":3703,"href":"https:\/\/www.ghconcepcion.cl\/index.php\/wp-json\/wp\/v2\/pages\/258\/revisions\/3703"}],"wp:attachment":[{"href":"https:\/\/www.ghconcepcion.cl\/index.php\/wp-json\/wp\/v2\/media?parent=258"}],"curies":[{"name":"wp","href":"https:\/\/api.w.org\/{rel}","templated":true}]}}