{"id":334,"date":"2017-12-04T01:59:27","date_gmt":"2017-12-04T01:59:27","guid":{"rendered":"http:\/\/www.ghconcepcion.cl\/?page_id=334"},"modified":"2024-09-21T01:57:26","modified_gmt":"2024-09-21T01:57:26","slug":"visita-libre","status":"publish","type":"page","link":"https:\/\/www.ghconcepcion.cl\/index.php\/visita-libre\/","title":{"rendered":"Virtuales Autoguiadas"},"content":{"rendered":"\t\t<div data-elementor-type=\"wp-page\" data-elementor-id=\"334\" class=\"elementor elementor-334\" data-elementor-post-type=\"page\">\n\t\t\t\t<div class=\"elementor-element elementor-element-edccee5 e-flex e-con-boxed e-con e-parent\" data-id=\"edccee5\" data-element_type=\"container\" data-e-type=\"container\">\n\t\t\t\t\t<div class=\"e-con-inner\">\n\t\t\t\t<div class=\"elementor-element elementor-element-134e2cf elementor-widget elementor-widget-heading\" data-id=\"134e2cf\" data-element_type=\"widget\" data-e-type=\"widget\" data-widget_type=\"heading.default\">\n\t\t\t\t<div class=\"elementor-widget-container\">\n\t\t\t\t\t<h2 class=\"elementor-heading-title elementor-size-default\">Virtuales Autoguiadas<\/h2>\t\t\t\t<\/div>\n\t\t\t\t<\/div>\n\t\t\t\t<div class=\"elementor-element elementor-element-b608651 elementor-widget elementor-widget-image\" data-id=\"b608651\" data-element_type=\"widget\" data-e-type=\"widget\" data-widget_type=\"image.default\">\n\t\t\t\t<div class=\"elementor-widget-container\">\n\t\t\t\t\t\t\t\t\t\t\t\t\t\t\t<img fetchpriority=\"high\" decoding=\"async\" width=\"1867\" height=\"687\" src=\"https:\/\/www.ghconcepcion.cl\/wp-content\/uploads\/2022\/01\/MUSEO-V-SLIDER-05-72-PX.png\" class=\"attachment-full size-full wp-image-2745\" alt=\"\" srcset=\"https:\/\/www.ghconcepcion.cl\/wp-content\/uploads\/2022\/01\/MUSEO-V-SLIDER-05-72-PX.png 1867w, https:\/\/www.ghconcepcion.cl\/wp-content\/uploads\/2022\/01\/MUSEO-V-SLIDER-05-72-PX-400x147.png 400w, https:\/\/www.ghconcepcion.cl\/wp-content\/uploads\/2022\/01\/MUSEO-V-SLIDER-05-72-PX-1024x377.png 1024w, https:\/\/www.ghconcepcion.cl\/wp-content\/uploads\/2022\/01\/MUSEO-V-SLIDER-05-72-PX-768x283.png 768w, https:\/\/www.ghconcepcion.cl\/wp-content\/uploads\/2022\/01\/MUSEO-V-SLIDER-05-72-PX-1536x565.png 1536w, https:\/\/www.ghconcepcion.cl\/wp-content\/uploads\/2022\/01\/MUSEO-V-SLIDER-05-72-PX-260x96.png 260w, https:\/\/www.ghconcepcion.cl\/wp-content\/uploads\/2022\/01\/MUSEO-V-SLIDER-05-72-PX-50x18.png 50w, https:\/\/www.ghconcepcion.cl\/wp-content\/uploads\/2022\/01\/MUSEO-V-SLIDER-05-72-PX-150x55.png 150w\" sizes=\"(max-width: 1867px) 100vw, 1867px\" \/>\t\t\t\t\t\t\t\t\t\t\t\t\t\t\t<\/div>\n\t\t\t\t<\/div>\n\t\t\t\t<div class=\"elementor-element elementor-element-7a9501e elementor-widget elementor-widget-text-editor\" data-id=\"7a9501e\" data-element_type=\"widget\" data-e-type=\"widget\" data-widget_type=\"text-editor.default\">\n\t\t\t\t<div class=\"elementor-widget-container\">\n\t\t\t\t\t\t\t\t\t<h4 class=\"desc_wrappper_title\"><a href=\"https:\/\/architech360panos.s3.us-east-2.amazonaws.com\/GaleriaDeLaHistoria\/TourVirtualGaleriaDeLaHistoria\/index.htm\">No necesita Reserva<\/a><\/h4><h4 class=\"desc_wrappper_title\"><span style=\"font-size: 14px;\">Galer\u00eda de la Historia de Concepci\u00f3n le invita a visitarnos de manera remota a trav\u00e9s de este tour virtual interactivo. En \u00e9l podr\u00e1s recorrer nuestras colecciones de \u201cDioramas de Zerreitug\u201d, \u201cMuestra Mapuche\u201d, \u201cConcepci\u00f3n en la Guerra del Pac\u00edfico\u201d, \u201cBiob\u00edo, cultura y sociedad\u201d y \u201cCer\u00e1mica patrimonial del Biob\u00edo\u201d.<\/span><\/h4><div class=\"desc\"><p align=\"justify\"><br \/>Esta experiencia virtual permite recorrer nuestro museo en vistas de 360\u00b0, teniendo acceso a puntos de fotograf\u00eda, texto y material audiovisual. Podr\u00e1s escuchar el audio de la colecci\u00f3n de dioramas y apreciar sus detalles.<\/p><\/div>\t\t\t\t\t\t\t\t<\/div>\n\t\t\t\t<\/div>\n\t\t\t\t\t<\/div>\n\t\t\t\t<\/div>\n\t\t\t\t<\/div>\n\t\t","protected":false},"excerpt":{"rendered":"<p>Virtuales Autoguiadas No necesita Reserva Galer\u00eda de la Historia de Concepci\u00f3n le invita a visitarnos de manera remota a trav\u00e9s de este tour virtual interactivo. En \u00e9l podr\u00e1s recorrer nuestras colecciones de \u201cDioramas de Zerreitug\u201d, \u201cMuestra Mapuche\u201d, \u201cConcepci\u00f3n en la Guerra del Pac\u00edfico\u201d, \u201cBiob\u00edo, cultura y sociedad\u201d y \u201cCer\u00e1mica patrimonial del Biob\u00edo\u201d. Esta experiencia virtual [&hellip;]<\/p>\n","protected":false},"author":1,"featured_media":0,"parent":0,"menu_order":0,"comment_status":"closed","ping_status":"closed","template":"","meta":{"footnotes":""},"class_list":["post-334","page","type-page","status-publish","hentry"],"_links":{"self":[{"href":"https:\/\/www.ghconcepcion.cl\/index.php\/wp-json\/wp\/v2\/pages\/334","targetHints":{"allow":["GET"]}}],"collection":[{"href":"https:\/\/www.ghconcepcion.cl\/index.php\/wp-json\/wp\/v2\/pages"}],"about":[{"href":"https:\/\/www.ghconcepcion.cl\/index.php\/wp-json\/wp\/v2\/types\/page"}],"author":[{"embeddable":true,"href":"https:\/\/www.ghconcepcion.cl\/index.php\/wp-json\/wp\/v2\/users\/1"}],"replies":[{"embeddable":true,"href":"https:\/\/www.ghconcepcion.cl\/index.php\/wp-json\/wp\/v2\/comments?post=334"}],"version-history":[{"count":8,"href":"https:\/\/www.ghconcepcion.cl\/index.php\/wp-json\/wp\/v2\/pages\/334\/revisions"}],"predecessor-version":[{"id":3694,"href":"https:\/\/www.ghconcepcion.cl\/index.php\/wp-json\/wp\/v2\/pages\/334\/revisions\/3694"}],"wp:attachment":[{"href":"https:\/\/www.ghconcepcion.cl\/index.php\/wp-json\/wp\/v2\/media?parent=334"}],"curies":[{"name":"wp","href":"https:\/\/api.w.org\/{rel}","templated":true}]}}