{"id":352,"date":"2017-12-04T03:20:49","date_gmt":"2017-12-04T03:20:49","guid":{"rendered":"http:\/\/www.ghconcepcion.cl\/?page_id=352"},"modified":"2024-09-21T02:10:01","modified_gmt":"2024-09-21T02:10:01","slug":"recursos-pedagogicos","status":"publish","type":"page","link":"https:\/\/www.ghconcepcion.cl\/index.php\/recursos-pedagogicos\/","title":{"rendered":"Recursos Pedag\u00f3gicos"},"content":{"rendered":"\t\t<div data-elementor-type=\"wp-page\" data-elementor-id=\"352\" class=\"elementor elementor-352\" data-elementor-post-type=\"page\">\n\t\t\t\t<div class=\"elementor-element elementor-element-39cc21a9 e-flex e-con-boxed e-con e-parent\" data-id=\"39cc21a9\" data-element_type=\"container\" data-e-type=\"container\">\n\t\t\t\t\t<div class=\"e-con-inner\">\n\t\t\t\t<div class=\"elementor-element elementor-element-a8d0097 elementor-widget elementor-widget-text-editor\" data-id=\"a8d0097\" data-element_type=\"widget\" data-e-type=\"widget\" data-widget_type=\"text-editor.default\">\n\t\t\t\t<div class=\"elementor-widget-container\">\n\t\t\t\t\t\t\t\t\t&nbsp;\n\n&nbsp;\t\t\t\t\t\t\t\t<\/div>\n\t\t\t\t<\/div>\n\t\t\t\t\t<\/div>\n\t\t\t\t<\/div>\n\t\t<div class=\"elementor-element elementor-element-5e0d133 e-flex e-con-boxed e-con e-parent\" data-id=\"5e0d133\" data-element_type=\"container\" data-e-type=\"container\">\n\t\t\t\t\t<div class=\"e-con-inner\">\n\t\t\t\t<div class=\"elementor-element elementor-element-831f87a elementor-widget elementor-widget-heading\" data-id=\"831f87a\" data-element_type=\"widget\" data-e-type=\"widget\" data-widget_type=\"heading.default\">\n\t\t\t\t<div class=\"elementor-widget-container\">\n\t\t\t\t\t<h2 class=\"elementor-heading-title elementor-size-default\">Recursos Pedag\u00f3gicos<\/h2>\t\t\t\t<\/div>\n\t\t\t\t<\/div>\n\t\t\t\t<div class=\"elementor-element elementor-element-fad8608 elementor-widget elementor-widget-image\" data-id=\"fad8608\" data-element_type=\"widget\" data-e-type=\"widget\" data-widget_type=\"image.default\">\n\t\t\t\t<div class=\"elementor-widget-container\">\n\t\t\t\t\t\t\t\t\t\t\t\t\t\t\t<img fetchpriority=\"high\" decoding=\"async\" width=\"4051\" height=\"2703\" src=\"https:\/\/www.ghconcepcion.cl\/wp-content\/uploads\/2017\/12\/DSC_0516.jpg\" class=\"attachment-full size-full wp-image-353\" alt=\"\" srcset=\"https:\/\/www.ghconcepcion.cl\/wp-content\/uploads\/2017\/12\/DSC_0516.jpg 4051w, https:\/\/www.ghconcepcion.cl\/wp-content\/uploads\/2017\/12\/DSC_0516-300x200.jpg 300w, https:\/\/www.ghconcepcion.cl\/wp-content\/uploads\/2017\/12\/DSC_0516-768x512.jpg 768w, https:\/\/www.ghconcepcion.cl\/wp-content\/uploads\/2017\/12\/DSC_0516-1024x683.jpg 1024w, https:\/\/www.ghconcepcion.cl\/wp-content\/uploads\/2017\/12\/DSC_0516-219x146.jpg 219w, https:\/\/www.ghconcepcion.cl\/wp-content\/uploads\/2017\/12\/DSC_0516-50x33.jpg 50w, https:\/\/www.ghconcepcion.cl\/wp-content\/uploads\/2017\/12\/DSC_0516-112x75.jpg 112w\" sizes=\"(max-width: 4051px) 100vw, 4051px\" \/>\t\t\t\t\t\t\t\t\t\t\t\t\t\t\t<\/div>\n\t\t\t\t<\/div>\n\t\t\t\t<div class=\"elementor-element elementor-element-753b440 elementor-widget elementor-widget-text-editor\" data-id=\"753b440\" data-element_type=\"widget\" data-e-type=\"widget\" data-widget_type=\"text-editor.default\">\n\t\t\t\t<div class=\"elementor-widget-container\">\n\t\t\t\t\t\t\t\t\t<p>Con el fin que puedan preparar su visita a la Galer\u00eda de la Historia de Concepci\u00f3n ,con anticipaci\u00f3n, tambi\u00e9n disponemos de\u00a0gu\u00edas educativas descargables\u00a0sobre diversos temas expuestos en nuestras colecciones permanentes. Descarga de Gu\u00edas interactivas seg\u00fan nivel.<br \/><br \/><a href=\"http:\/\/www.ghconcepcion.cl\/wp-content\/uploads\/2017\/11\/GUI%CC%81A-DIDA%CC%81CTICA-GHC.compressed.pdf\" download=\"Descargar Gu\u00eda did\u00e1ctica de : 3\u00b0 a 4\u00b0 b\u00e1sico\"><u><i>&#8211; Descargar Gu\u00eda did\u00e1ctica de : 3\u00b0 a 4\u00b0 b\u00e1sico<\/i><\/u><\/a><br \/><br \/><a href=\"http:\/\/www.ghconcepcion.cl\/wp-content\/uploads\/2017\/11\/Gui%CC%81a-de-los-16-Dioramas.compressed.pdf\" download=\"Descargar Gu\u00eda did\u00e1ctica de : 5\u00b0 a 6\u00b0 b\u00e1sico\"><u><i>&#8211; Descargar Gu\u00eda did\u00e1ctica de : 5\u00b0 a 6\u00b0 b\u00e1sico<\/i><\/u><\/a><\/p>\t\t\t\t\t\t\t\t<\/div>\n\t\t\t\t<\/div>\n\t\t\t\t\t<\/div>\n\t\t\t\t<\/div>\n\t\t\t\t<\/div>\n\t\t","protected":false},"excerpt":{"rendered":"<p>&nbsp; &nbsp; Recursos Pedag\u00f3gicos Con el fin que puedan preparar su visita a la Galer\u00eda de la Historia de Concepci\u00f3n ,con anticipaci\u00f3n, tambi\u00e9n disponemos de\u00a0gu\u00edas educativas descargables\u00a0sobre diversos temas expuestos en nuestras colecciones permanentes. Descarga de Gu\u00edas interactivas seg\u00fan nivel. &#8211; Descargar Gu\u00eda did\u00e1ctica de : 3\u00b0 a 4\u00b0 b\u00e1sico &#8211; Descargar Gu\u00eda did\u00e1ctica de [&hellip;]<\/p>\n","protected":false},"author":1,"featured_media":0,"parent":0,"menu_order":0,"comment_status":"closed","ping_status":"closed","template":"","meta":{"footnotes":""},"class_list":["post-352","page","type-page","status-publish","hentry"],"_links":{"self":[{"href":"https:\/\/www.ghconcepcion.cl\/index.php\/wp-json\/wp\/v2\/pages\/352","targetHints":{"allow":["GET"]}}],"collection":[{"href":"https:\/\/www.ghconcepcion.cl\/index.php\/wp-json\/wp\/v2\/pages"}],"about":[{"href":"https:\/\/www.ghconcepcion.cl\/index.php\/wp-json\/wp\/v2\/types\/page"}],"author":[{"embeddable":true,"href":"https:\/\/www.ghconcepcion.cl\/index.php\/wp-json\/wp\/v2\/users\/1"}],"replies":[{"embeddable":true,"href":"https:\/\/www.ghconcepcion.cl\/index.php\/wp-json\/wp\/v2\/comments?post=352"}],"version-history":[{"count":6,"href":"https:\/\/www.ghconcepcion.cl\/index.php\/wp-json\/wp\/v2\/pages\/352\/revisions"}],"predecessor-version":[{"id":3700,"href":"https:\/\/www.ghconcepcion.cl\/index.php\/wp-json\/wp\/v2\/pages\/352\/revisions\/3700"}],"wp:attachment":[{"href":"https:\/\/www.ghconcepcion.cl\/index.php\/wp-json\/wp\/v2\/media?parent=352"}],"curies":[{"name":"wp","href":"https:\/\/api.w.org\/{rel}","templated":true}]}}