{"id":765,"date":"2017-12-18T15:27:05","date_gmt":"2017-12-18T15:27:05","guid":{"rendered":"http:\/\/www.ghconcepcion.cl\/?page_id=765"},"modified":"2024-09-21T03:22:12","modified_gmt":"2024-09-21T03:22:12","slug":"galeria-de-imagenes","status":"publish","type":"page","link":"https:\/\/www.ghconcepcion.cl\/index.php\/galeria-de-imagenes\/","title":{"rendered":"Galer\u00eda de im\u00e1genes"},"content":{"rendered":"\t\t<div data-elementor-type=\"wp-page\" data-elementor-id=\"765\" class=\"elementor elementor-765\" data-elementor-post-type=\"page\">\n\t\t\t\t<div class=\"elementor-element elementor-element-c8bc437 e-flex e-con-boxed e-con e-parent\" data-id=\"c8bc437\" data-element_type=\"container\" data-e-type=\"container\">\n\t\t\t\t\t<div class=\"e-con-inner\">\n\t\t\t\t<div class=\"elementor-element elementor-element-cda8f90 elementor-widget elementor-widget-heading\" data-id=\"cda8f90\" data-element_type=\"widget\" data-e-type=\"widget\" data-widget_type=\"heading.default\">\n\t\t\t\t<div class=\"elementor-widget-container\">\n\t\t\t\t\t<h2 class=\"elementor-heading-title elementor-size-default\">Galer\u00eda de imagenes<\/h2>\t\t\t\t<\/div>\n\t\t\t\t<\/div>\n\t\t\t\t<div class=\"elementor-element elementor-element-fb94ad1 elementor-widget elementor-widget-text-editor\" data-id=\"fb94ad1\" data-element_type=\"widget\" data-e-type=\"widget\" data-widget_type=\"text-editor.default\">\n\t\t\t\t<div class=\"elementor-widget-container\">\n\t\t\t\t\t\t\t\t\t<p>En esta secci\u00f3n podr\u00e1s descargar todas las fotograf\u00edas que te interesen de la Galer\u00eda de la Historia de Concepci\u00f3n.<\/p>\t\t\t\t\t\t\t\t<\/div>\n\t\t\t\t<\/div>\n\t\t\t\t<div class=\"elementor-element elementor-element-4bd25e1 elementor-widget elementor-widget-image-gallery\" data-id=\"4bd25e1\" data-element_type=\"widget\" data-e-type=\"widget\" data-widget_type=\"image-gallery.default\">\n\t\t\t\t<div class=\"elementor-widget-container\">\n\t\t\t\t\t\t\t<div class=\"elementor-image-gallery\">\n\t\t\t<div id='gallery-1' class='gallery galleryid-765 gallery-columns-3 gallery-size-full'><figure class='gallery-item'>\n\t\t\t<div class='gallery-icon landscape'>\n\t\t\t\t<a data-elementor-open-lightbox=\"yes\" data-elementor-lightbox-slideshow=\"4bd25e1\" data-elementor-lightbox-title=\"_GALERIA-DE-IMAGENES-WEB-GHC-01\" data-e-action-hash=\"#elementor-action%3Aaction%3Dlightbox%26settings%3DeyJpZCI6OTg1LCJ1cmwiOiJodHRwczpcL1wvd3d3LmdoY29uY2VwY2lvbi5jbFwvd3AtY29udGVudFwvdXBsb2Fkc1wvMjAxOFwvMDdcL0dBTEVSSUEtREUtSU1BR0VORVMtV0VCLUdIQy0wMS5wbmciLCJzbGlkZXNob3ciOiI0YmQyNWUxIn0%3D\" href='https:\/\/www.ghconcepcion.cl\/wp-content\/uploads\/2018\/07\/GALERIA-DE-IMAGENES-WEB-GHC-01.png'><img fetchpriority=\"high\" decoding=\"async\" width=\"1000\" height=\"592\" src=\"https:\/\/www.ghconcepcion.cl\/wp-content\/uploads\/2018\/07\/GALERIA-DE-IMAGENES-WEB-GHC-01.png\" class=\"attachment-full size-full\" alt=\"\" srcset=\"https:\/\/www.ghconcepcion.cl\/wp-content\/uploads\/2018\/07\/GALERIA-DE-IMAGENES-WEB-GHC-01.png 1000w, https:\/\/www.ghconcepcion.cl\/wp-content\/uploads\/2018\/07\/GALERIA-DE-IMAGENES-WEB-GHC-01-300x178.png 300w, https:\/\/www.ghconcepcion.cl\/wp-content\/uploads\/2018\/07\/GALERIA-DE-IMAGENES-WEB-GHC-01-768x455.png 768w, https:\/\/www.ghconcepcion.cl\/wp-content\/uploads\/2018\/07\/GALERIA-DE-IMAGENES-WEB-GHC-01-247x146.png 247w, https:\/\/www.ghconcepcion.cl\/wp-content\/uploads\/2018\/07\/GALERIA-DE-IMAGENES-WEB-GHC-01-50x30.png 50w, https:\/\/www.ghconcepcion.cl\/wp-content\/uploads\/2018\/07\/GALERIA-DE-IMAGENES-WEB-GHC-01-127x75.png 127w\" sizes=\"(max-width: 1000px) 100vw, 1000px\" \/><\/a>\n\t\t\t<\/div><\/figure><figure class='gallery-item'>\n\t\t\t<div class='gallery-icon landscape'>\n\t\t\t\t<a data-elementor-open-lightbox=\"yes\" data-elementor-lightbox-slideshow=\"4bd25e1\" data-elementor-lightbox-title=\"_GALERIA-DE-IMAGENES-WEB-02\" data-e-action-hash=\"#elementor-action%3Aaction%3Dlightbox%26settings%3DeyJpZCI6OTgzLCJ1cmwiOiJodHRwczpcL1wvd3d3LmdoY29uY2VwY2lvbi5jbFwvd3AtY29udGVudFwvdXBsb2Fkc1wvMjAxOFwvMDdcL0dBTEVSSUEtREUtSU1BR0VORVMtV0VCLTAyLnBuZyIsInNsaWRlc2hvdyI6IjRiZDI1ZTEifQ%3D%3D\" href='https:\/\/www.ghconcepcion.cl\/wp-content\/uploads\/2018\/07\/GALERIA-DE-IMAGENES-WEB-02.png'><img decoding=\"async\" width=\"2210\" height=\"1309\" src=\"https:\/\/www.ghconcepcion.cl\/wp-content\/uploads\/2018\/07\/GALERIA-DE-IMAGENES-WEB-02.png\" class=\"attachment-full size-full\" alt=\"\" srcset=\"https:\/\/www.ghconcepcion.cl\/wp-content\/uploads\/2018\/07\/GALERIA-DE-IMAGENES-WEB-02.png 2210w, https:\/\/www.ghconcepcion.cl\/wp-content\/uploads\/2018\/07\/GALERIA-DE-IMAGENES-WEB-02-300x178.png 300w, https:\/\/www.ghconcepcion.cl\/wp-content\/uploads\/2018\/07\/GALERIA-DE-IMAGENES-WEB-02-768x455.png 768w, https:\/\/www.ghconcepcion.cl\/wp-content\/uploads\/2018\/07\/GALERIA-DE-IMAGENES-WEB-02-1024x607.png 1024w, https:\/\/www.ghconcepcion.cl\/wp-content\/uploads\/2018\/07\/GALERIA-DE-IMAGENES-WEB-02-246x146.png 246w, https:\/\/www.ghconcepcion.cl\/wp-content\/uploads\/2018\/07\/GALERIA-DE-IMAGENES-WEB-02-50x30.png 50w, https:\/\/www.ghconcepcion.cl\/wp-content\/uploads\/2018\/07\/GALERIA-DE-IMAGENES-WEB-02-127x75.png 127w\" sizes=\"(max-width: 2210px) 100vw, 2210px\" \/><\/a>\n\t\t\t<\/div><\/figure><figure class='gallery-item'>\n\t\t\t<div class='gallery-icon landscape'>\n\t\t\t\t<a data-elementor-open-lightbox=\"yes\" data-elementor-lightbox-slideshow=\"4bd25e1\" data-elementor-lightbox-title=\"_GALERIA-DE-IMAGENES-WEB-03\" data-e-action-hash=\"#elementor-action%3Aaction%3Dlightbox%26settings%3DeyJpZCI6OTg0LCJ1cmwiOiJodHRwczpcL1wvd3d3LmdoY29uY2VwY2lvbi5jbFwvd3AtY29udGVudFwvdXBsb2Fkc1wvMjAxOFwvMDdcL0dBTEVSSUEtREUtSU1BR0VORVMtV0VCLTAzLnBuZyIsInNsaWRlc2hvdyI6IjRiZDI1ZTEifQ%3D%3D\" href='https:\/\/www.ghconcepcion.cl\/wp-content\/uploads\/2018\/07\/GALERIA-DE-IMAGENES-WEB-03.png'><img decoding=\"async\" width=\"2210\" height=\"1310\" src=\"https:\/\/www.ghconcepcion.cl\/wp-content\/uploads\/2018\/07\/GALERIA-DE-IMAGENES-WEB-03.png\" class=\"attachment-full size-full\" alt=\"\" srcset=\"https:\/\/www.ghconcepcion.cl\/wp-content\/uploads\/2018\/07\/GALERIA-DE-IMAGENES-WEB-03.png 2210w, https:\/\/www.ghconcepcion.cl\/wp-content\/uploads\/2018\/07\/GALERIA-DE-IMAGENES-WEB-03-300x178.png 300w, https:\/\/www.ghconcepcion.cl\/wp-content\/uploads\/2018\/07\/GALERIA-DE-IMAGENES-WEB-03-768x455.png 768w, https:\/\/www.ghconcepcion.cl\/wp-content\/uploads\/2018\/07\/GALERIA-DE-IMAGENES-WEB-03-1024x607.png 1024w, https:\/\/www.ghconcepcion.cl\/wp-content\/uploads\/2018\/07\/GALERIA-DE-IMAGENES-WEB-03-246x146.png 246w, https:\/\/www.ghconcepcion.cl\/wp-content\/uploads\/2018\/07\/GALERIA-DE-IMAGENES-WEB-03-50x30.png 50w, https:\/\/www.ghconcepcion.cl\/wp-content\/uploads\/2018\/07\/GALERIA-DE-IMAGENES-WEB-03-127x75.png 127w\" sizes=\"(max-width: 2210px) 100vw, 2210px\" \/><\/a>\n\t\t\t<\/div><\/figure><figure class='gallery-item'>\n\t\t\t<div class='gallery-icon landscape'>\n\t\t\t\t<a data-elementor-open-lightbox=\"yes\" data-elementor-lightbox-slideshow=\"4bd25e1\" data-elementor-lightbox-title=\"_GALERIA-DE-IMAGENES-WEB-04\" data-e-action-hash=\"#elementor-action%3Aaction%3Dlightbox%26settings%3DeyJpZCI6OTkzLCJ1cmwiOiJodHRwczpcL1wvd3d3LmdoY29uY2VwY2lvbi5jbFwvd3AtY29udGVudFwvdXBsb2Fkc1wvMjAxOFwvMDdcL0dBTEVSSUEtREUtSU1BR0VORVMtV0VCLTA0LTEucG5nIiwic2xpZGVzaG93IjoiNGJkMjVlMSJ9\" href='https:\/\/www.ghconcepcion.cl\/wp-content\/uploads\/2018\/07\/GALERIA-DE-IMAGENES-WEB-04-1.png'><img loading=\"lazy\" decoding=\"async\" width=\"2210\" height=\"1298\" src=\"https:\/\/www.ghconcepcion.cl\/wp-content\/uploads\/2018\/07\/GALERIA-DE-IMAGENES-WEB-04-1.png\" class=\"attachment-full size-full\" alt=\"\" srcset=\"https:\/\/www.ghconcepcion.cl\/wp-content\/uploads\/2018\/07\/GALERIA-DE-IMAGENES-WEB-04-1.png 2210w, https:\/\/www.ghconcepcion.cl\/wp-content\/uploads\/2018\/07\/GALERIA-DE-IMAGENES-WEB-04-1-300x176.png 300w, https:\/\/www.ghconcepcion.cl\/wp-content\/uploads\/2018\/07\/GALERIA-DE-IMAGENES-WEB-04-1-768x451.png 768w, https:\/\/www.ghconcepcion.cl\/wp-content\/uploads\/2018\/07\/GALERIA-DE-IMAGENES-WEB-04-1-1024x601.png 1024w, https:\/\/www.ghconcepcion.cl\/wp-content\/uploads\/2018\/07\/GALERIA-DE-IMAGENES-WEB-04-1-249x146.png 249w, https:\/\/www.ghconcepcion.cl\/wp-content\/uploads\/2018\/07\/GALERIA-DE-IMAGENES-WEB-04-1-50x29.png 50w, https:\/\/www.ghconcepcion.cl\/wp-content\/uploads\/2018\/07\/GALERIA-DE-IMAGENES-WEB-04-1-128x75.png 128w\" sizes=\"(max-width: 2210px) 100vw, 2210px\" \/><\/a>\n\t\t\t<\/div><\/figure><figure class='gallery-item'>\n\t\t\t<div class='gallery-icon landscape'>\n\t\t\t\t<a data-elementor-open-lightbox=\"yes\" data-elementor-lightbox-slideshow=\"4bd25e1\" data-elementor-lightbox-title=\"GALERIA-DE-IMAGENES-WEB-04\" data-e-action-hash=\"#elementor-action%3Aaction%3Dlightbox%26settings%3DeyJpZCI6OTg3LCJ1cmwiOiJodHRwczpcL1wvd3d3LmdoY29uY2VwY2lvbi5jbFwvd3AtY29udGVudFwvdXBsb2Fkc1wvMjAxOFwvMDdcL0dBTEVSSUEtREUtSU1BR0VORVMtV0VCLTA0LnBuZyIsInNsaWRlc2hvdyI6IjRiZDI1ZTEifQ%3D%3D\" href='https:\/\/www.ghconcepcion.cl\/wp-content\/uploads\/2018\/07\/GALERIA-DE-IMAGENES-WEB-04.png'><img loading=\"lazy\" decoding=\"async\" width=\"2210\" height=\"1310\" src=\"https:\/\/www.ghconcepcion.cl\/wp-content\/uploads\/2018\/07\/GALERIA-DE-IMAGENES-WEB-04.png\" class=\"attachment-full size-full\" alt=\"\" srcset=\"https:\/\/www.ghconcepcion.cl\/wp-content\/uploads\/2018\/07\/GALERIA-DE-IMAGENES-WEB-04.png 2210w, https:\/\/www.ghconcepcion.cl\/wp-content\/uploads\/2018\/07\/GALERIA-DE-IMAGENES-WEB-04-300x178.png 300w, https:\/\/www.ghconcepcion.cl\/wp-content\/uploads\/2018\/07\/GALERIA-DE-IMAGENES-WEB-04-768x455.png 768w, https:\/\/www.ghconcepcion.cl\/wp-content\/uploads\/2018\/07\/GALERIA-DE-IMAGENES-WEB-04-1024x607.png 1024w, https:\/\/www.ghconcepcion.cl\/wp-content\/uploads\/2018\/07\/GALERIA-DE-IMAGENES-WEB-04-246x146.png 246w, https:\/\/www.ghconcepcion.cl\/wp-content\/uploads\/2018\/07\/GALERIA-DE-IMAGENES-WEB-04-50x30.png 50w, https:\/\/www.ghconcepcion.cl\/wp-content\/uploads\/2018\/07\/GALERIA-DE-IMAGENES-WEB-04-127x75.png 127w\" sizes=\"(max-width: 2210px) 100vw, 2210px\" \/><\/a>\n\t\t\t<\/div><\/figure>\n\t\t<\/div>\n\t\t<\/div>\n\t\t\t\t\t\t<\/div>\n\t\t\t\t<\/div>\n\t\t\t\t\t<\/div>\n\t\t\t\t<\/div>\n\t\t\t\t<\/div>\n\t\t","protected":false},"excerpt":{"rendered":"<p>Galer\u00eda de imagenes En esta secci\u00f3n podr\u00e1s descargar todas las fotograf\u00edas que te interesen de la Galer\u00eda de la Historia de Concepci\u00f3n.<\/p>\n","protected":false},"author":1,"featured_media":0,"parent":0,"menu_order":0,"comment_status":"closed","ping_status":"closed","template":"","meta":{"footnotes":""},"class_list":["post-765","page","type-page","status-publish","hentry"],"_links":{"self":[{"href":"https:\/\/www.ghconcepcion.cl\/index.php\/wp-json\/wp\/v2\/pages\/765","targetHints":{"allow":["GET"]}}],"collection":[{"href":"https:\/\/www.ghconcepcion.cl\/index.php\/wp-json\/wp\/v2\/pages"}],"about":[{"href":"https:\/\/www.ghconcepcion.cl\/index.php\/wp-json\/wp\/v2\/types\/page"}],"author":[{"embeddable":true,"href":"https:\/\/www.ghconcepcion.cl\/index.php\/wp-json\/wp\/v2\/users\/1"}],"replies":[{"embeddable":true,"href":"https:\/\/www.ghconcepcion.cl\/index.php\/wp-json\/wp\/v2\/comments?post=765"}],"version-history":[{"count":4,"href":"https:\/\/www.ghconcepcion.cl\/index.php\/wp-json\/wp\/v2\/pages\/765\/revisions"}],"predecessor-version":[{"id":3722,"href":"https:\/\/www.ghconcepcion.cl\/index.php\/wp-json\/wp\/v2\/pages\/765\/revisions\/3722"}],"wp:attachment":[{"href":"https:\/\/www.ghconcepcion.cl\/index.php\/wp-json\/wp\/v2\/media?parent=765"}],"curies":[{"name":"wp","href":"https:\/\/api.w.org\/{rel}","templated":true}]}}